{"id":51772,"date":"2021-01-21T16:39:37","date_gmt":"2021-01-21T19:39:37","guid":{"rendered":"https:\/\/www.livrariarema.com.br\/loja\/produtos\/sem%20categoria\/serie-da-me-entendimento-os-numeros-na-biblia-christian-chen\/"},"modified":"2026-04-13T12:56:20","modified_gmt":"2026-04-13T15:56:20","slug":"serie-da-me-entendimento-os-numeros-na-biblia-christian-chen","status":"publish","type":"product","link":"https:\/\/www.livrariarema.com.br\/loja\/produtos\/livros\/estudo-biblico\/serie-da-me-entendimento-os-numeros-na-biblia-christian-chen\/","title":{"rendered":"S\u00e9rie D\u00e1-Me Entendimento &#8211; Os N\u00fameros Na B\u00edblia &#8211; Christian Chen"},"content":{"rendered":"<p>&#8220;Ensina-nos a contar os nossos dias, para que alcancemos cora\u00e7\u00e3o s\u00e1bio&#8221; Sl 90:12.<\/p>\n<p>Proferidas no crep\u00fasculo de seus dias, essas palavras memoriais do salmista nos abrem o segredo de uma vida profunda diante de Deus. E neste livro singular, a vida de Mois\u00e9s \u00e9 utilizada como exemplo para o mundo maravilhoso dos n\u00fameros que permeiam as Escrituras e se constituem numa \u00fatil chave para desvendar preciosas verdades espirituais.<\/p>\n<p>O autor mostra de maneira clara e agrad\u00e1vel, mesmo para os leitores que n\u00e3o s\u00e3o matem\u00e1ticos como apreciar esse instrumento t\u00e3o precioso de Deus. Ele demonstra atrav\u00e9s de Sua Palavra escrita como ser despertado pelo Esp\u00edrito Santo a conhecer esta parte do rico campo de nosso Boaz, o amado Senhor Jesus.<\/p>\n","protected":false},"excerpt":{"rendered":"<p>&#8220;Ensina-nos a contar os nossos dias, para que alcancemos cora\u00e7\u00e3o s\u00e1bio&#8221; Sl 90:12. Proferidas no crep\u00fasculo de seus dias, essas&hellip;<\/p>\n","protected":false},"featured_media":346977,"comment_status":"open","ping_status":"closed","template":"","meta":[],"product_cat":[161,134],"product_tag":[],"_links":{"self":[{"href":"https:\/\/www.livrariarema.com.br\/loja\/wp-json\/wp\/v2\/product\/51772"}],"collection":[{"href":"https:\/\/www.livrariarema.com.br\/loja\/wp-json\/wp\/v2\/product"}],"about":[{"href":"https:\/\/www.livrariarema.com.br\/loja\/wp-json\/wp\/v2\/types\/product"}],"replies":[{"embeddable":true,"href":"https:\/\/www.livrariarema.com.br\/loja\/wp-json\/wp\/v2\/comments?post=51772"}],"wp:featuredmedia":[{"embeddable":true,"href":"https:\/\/www.livrariarema.com.br\/loja\/wp-json\/wp\/v2\/media\/346977"}],"wp:attachment":[{"href":"https:\/\/www.livrariarema.com.br\/loja\/wp-json\/wp\/v2\/media?parent=51772"}],"wp:term":[{"taxonomy":"product_cat","embeddable":true,"href":"https:\/\/www.livrariarema.com.br\/loja\/wp-json\/wp\/v2\/product_cat?post=51772"},{"taxonomy":"product_tag","embeddable":true,"href":"https:\/\/www.livrariarema.com.br\/loja\/wp-json\/wp\/v2\/product_tag?post=51772"}],"curies":[{"name":"wp","href":"https:\/\/api.w.org\/{rel}","templated":true}]}}