{"id":51782,"date":"2021-01-21T16:40:54","date_gmt":"2021-01-21T19:40:54","guid":{"rendered":"https:\/\/www.livrariarema.com.br\/loja\/produtos\/sem%20categoria\/ra045lg-biblia-pequena-letra-grande-preta\/"},"modified":"2026-04-13T11:40:41","modified_gmt":"2026-04-13T14:40:41","slug":"ra045lg-biblia-pequena-letra-grande-preta","status":"publish","type":"product","link":"https:\/\/www.livrariarema.com.br\/loja\/produtos\/biblias\/revista-atualizada\/ra045lg-biblia-pequena-letra-grande-preta\/","title":{"rendered":"Ra045lg &#8211; B\u00edblia Pequena &#8211; Letra Grande &#8211; Preta"},"content":{"rendered":"<p>Dispon\u00edvel em diversas op\u00e7\u00f5es de capa, com ou sem \u00edndice.<\/p>\n<p><b>Recursos:<\/b><\/p>\n<p>&#8211; Notas e refer\u00eancias b\u00edblicas<br \/>\n&#8211; Tabelas de pesos, moedas e medidas<br \/>\n&#8211; Como encontrar ajuda na B\u00edbliaLeituras para dias especiais<br \/>\n&#8211; O que a B\u00edblia diz sobre o perd\u00e3o de Deus<\/p>\n","protected":false},"excerpt":{"rendered":"<p>Dispon\u00edvel em diversas op\u00e7\u00f5es de capa, com ou sem \u00edndice. Recursos: &#8211; Notas e refer\u00eancias b\u00edblicas &#8211; Tabelas de pesos,&hellip;<\/p>\n","protected":false},"featured_media":336714,"comment_status":"open","ping_status":"closed","template":"","meta":[],"product_cat":[139,173],"product_tag":[],"_links":{"self":[{"href":"https:\/\/www.livrariarema.com.br\/loja\/wp-json\/wp\/v2\/product\/51782"}],"collection":[{"href":"https:\/\/www.livrariarema.com.br\/loja\/wp-json\/wp\/v2\/product"}],"about":[{"href":"https:\/\/www.livrariarema.com.br\/loja\/wp-json\/wp\/v2\/types\/product"}],"replies":[{"embeddable":true,"href":"https:\/\/www.livrariarema.com.br\/loja\/wp-json\/wp\/v2\/comments?post=51782"}],"wp:featuredmedia":[{"embeddable":true,"href":"https:\/\/www.livrariarema.com.br\/loja\/wp-json\/wp\/v2\/media\/336714"}],"wp:attachment":[{"href":"https:\/\/www.livrariarema.com.br\/loja\/wp-json\/wp\/v2\/media?parent=51782"}],"wp:term":[{"taxonomy":"product_cat","embeddable":true,"href":"https:\/\/www.livrariarema.com.br\/loja\/wp-json\/wp\/v2\/product_cat?post=51782"},{"taxonomy":"product_tag","embeddable":true,"href":"https:\/\/www.livrariarema.com.br\/loja\/wp-json\/wp\/v2\/product_tag?post=51782"}],"curies":[{"name":"wp","href":"https:\/\/api.w.org\/{rel}","templated":true}]}}