{"id":51813,"date":"2021-01-21T16:41:28","date_gmt":"2021-01-21T19:41:28","guid":{"rendered":"https:\/\/www.livrariarema.com.br\/loja\/produtos\/sem%20categoria\/ra045lg-biblia-pequena-letra-grande-beira-florida-rosa\/"},"modified":"2026-04-29T13:32:24","modified_gmt":"2026-04-29T16:32:24","slug":"ra045lg-biblia-pequena-letra-grande-beira-florida-rosa","status":"publish","type":"product","link":"https:\/\/www.livrariarema.com.br\/loja\/produtos\/biblias\/revista-atualizada\/ra045lg-biblia-pequena-letra-grande-beira-florida-rosa\/","title":{"rendered":"Ra045lg &#8211; B\u00edblia Pequena &#8211; Letra Grande &#8211; Beira Florida &#8211; Rosa"},"content":{"rendered":"<p>Esta edi\u00e7\u00e3o da B\u00edblia Sagrada tem formato compacto e letra grande. \u00c9 ideal para quem busca conforto na leitura da Palavra de Deus e, ao mesmo tempo, praticidade no uso e transporte di\u00e1rios. Dispon\u00edvel em diversas op\u00e7\u00f5es de capa, com ou sem \u00edndice.<\/p>\n<p>RECURSOS:<br \/>\n-Como encontrar ajuda na B\u00edblia<br \/>\n-Leituras para dias especiais<br \/>\n-O que a B\u00edblia diz sobre o perd\u00e3o de Deus<br \/>\n-Tabela de pesos-moedas e medidas<\/p>\n<p>RECURSOS ADICIONAIS:<br \/>\nNotas textuais e refer\u00eancias cruzadas<\/p>\n","protected":false},"excerpt":{"rendered":"<p>Esta edi\u00e7\u00e3o da B\u00edblia Sagrada tem formato compacto e letra grande. \u00c9 ideal para quem busca conforto na leitura da&hellip;<\/p>\n","protected":false},"featured_media":347478,"comment_status":"open","ping_status":"closed","template":"","meta":[],"product_cat":[139,173],"product_tag":[],"_links":{"self":[{"href":"https:\/\/www.livrariarema.com.br\/loja\/wp-json\/wp\/v2\/product\/51813"}],"collection":[{"href":"https:\/\/www.livrariarema.com.br\/loja\/wp-json\/wp\/v2\/product"}],"about":[{"href":"https:\/\/www.livrariarema.com.br\/loja\/wp-json\/wp\/v2\/types\/product"}],"replies":[{"embeddable":true,"href":"https:\/\/www.livrariarema.com.br\/loja\/wp-json\/wp\/v2\/comments?post=51813"}],"wp:featuredmedia":[{"embeddable":true,"href":"https:\/\/www.livrariarema.com.br\/loja\/wp-json\/wp\/v2\/media\/347478"}],"wp:attachment":[{"href":"https:\/\/www.livrariarema.com.br\/loja\/wp-json\/wp\/v2\/media?parent=51813"}],"wp:term":[{"taxonomy":"product_cat","embeddable":true,"href":"https:\/\/www.livrariarema.com.br\/loja\/wp-json\/wp\/v2\/product_cat?post=51813"},{"taxonomy":"product_tag","embeddable":true,"href":"https:\/\/www.livrariarema.com.br\/loja\/wp-json\/wp\/v2\/product_tag?post=51813"}],"curies":[{"name":"wp","href":"https:\/\/api.w.org\/{rel}","templated":true}]}}