{"id":51825,"date":"2021-01-21T16:41:42","date_gmt":"2021-01-21T19:41:42","guid":{"rendered":"https:\/\/www.livrariarema.com.br\/loja\/produtos\/sem%20categoria\/ta_septua-biblia-septuaginta\/"},"modified":"2025-09-17T14:01:57","modified_gmt":"2025-09-17T17:01:57","slug":"ta_septua-biblia-septuaginta","status":"publish","type":"product","link":"https:\/\/www.livrariarema.com.br\/loja\/produtos\/biblias\/outros-idiomas\/ta_septua-biblia-septuaginta\/","title":{"rendered":"Ta_Septua &#8211; B\u00edblia Septuaginta"},"content":{"rendered":"<p>Edi\u00e7\u00e3o cr\u00edtica da famosa tradu\u00e7\u00e3o judaica do Antigo Testamento para o grego, a <b>Sinopse:<\/b><\/p>\n<p>Septuaginta \u00e9 muito utilizada por seminaristas e estudiosos dos textos b\u00edblicos originais. Editado por Alfred Rahlfs. 2\u00aa edi\u00e7\u00e3o revisada por Robert Hanhart. Editora: Sociedade B\u00edblica Alem\u00e3.<\/p>\n<p><b>Recursos:<\/b><\/p>\n<p>&#8211; Introdu\u00e7\u00e3o em grego moderno, latim, alem\u00e3o e ingl\u00eas<br \/>\n&#8211; Aparato cr\u00edtico<br \/>\n&#8211; Guia de sinais e abreviaturas<\/p>\n","protected":false},"excerpt":{"rendered":"<p>Edi\u00e7\u00e3o cr\u00edtica da famosa tradu\u00e7\u00e3o judaica do Antigo Testamento para o grego, a Sinopse: Septuaginta \u00e9 muito utilizada por seminaristas&hellip;<\/p>\n","protected":false},"featured_media":337225,"comment_status":"open","ping_status":"closed","template":"","meta":[],"product_cat":[139,141],"product_tag":[],"_links":{"self":[{"href":"https:\/\/www.livrariarema.com.br\/loja\/wp-json\/wp\/v2\/product\/51825"}],"collection":[{"href":"https:\/\/www.livrariarema.com.br\/loja\/wp-json\/wp\/v2\/product"}],"about":[{"href":"https:\/\/www.livrariarema.com.br\/loja\/wp-json\/wp\/v2\/types\/product"}],"replies":[{"embeddable":true,"href":"https:\/\/www.livrariarema.com.br\/loja\/wp-json\/wp\/v2\/comments?post=51825"}],"wp:featuredmedia":[{"embeddable":true,"href":"https:\/\/www.livrariarema.com.br\/loja\/wp-json\/wp\/v2\/media\/337225"}],"wp:attachment":[{"href":"https:\/\/www.livrariarema.com.br\/loja\/wp-json\/wp\/v2\/media?parent=51825"}],"wp:term":[{"taxonomy":"product_cat","embeddable":true,"href":"https:\/\/www.livrariarema.com.br\/loja\/wp-json\/wp\/v2\/product_cat?post=51825"},{"taxonomy":"product_tag","embeddable":true,"href":"https:\/\/www.livrariarema.com.br\/loja\/wp-json\/wp\/v2\/product_tag?post=51825"}],"curies":[{"name":"wp","href":"https:\/\/api.w.org\/{rel}","templated":true}]}}