{"id":51833,"date":"2021-01-21T16:41:57","date_gmt":"2021-01-21T19:41:57","guid":{"rendered":"https:\/\/www.livrariarema.com.br\/loja\/produtos\/sem%20categoria\/espiritualidade-emocionalmente-saudavel-peter-scazzero\/"},"modified":"2026-04-13T12:30:36","modified_gmt":"2026-04-13T15:30:36","slug":"espiritualidade-emocionalmente-saudavel-peter-scazzero","status":"publish","type":"product","link":"https:\/\/www.livrariarema.com.br\/loja\/produtos\/livros\/espiritualidade\/espiritualidade-emocionalmente-saudavel-peter-scazzero\/","title":{"rendered":"Espiritualidade Emocionalmente Saud\u00e1vel &#8211; Peter Scazzero"},"content":{"rendered":"<p>Peter Scazzero aprendeu a duras penas que n\u00e3o se pode ser espiritualmente maduro enquanto se permanece emocionalmente imaturo. Embora pastor de uma igreja em crescimento, ele fez o que faz a maioria:<\/p>\n<p>&#8211; Evitar conflito em nome do cristianismo<br \/>\n&#8211; Ignorar a raiva, a tristeza e o medo<br \/>\n&#8211; Usar Deus para fugir de Deus<br \/>\n&#8211; Viver sem prestar aten\u00e7\u00e3o aos limites<\/p>\n<p>No final, Deus o despertou para uma integra\u00e7\u00e3o b\u00edblica de sa\u00fade emocional, relacionamento com Jesus e pr\u00e1ticas cl\u00e1ssicas de espiritualidade contemplativa. Isso criou nada menos que uma revolu\u00e7\u00e3o espiritual, transformando-o profundamente e \u00e0 sua igreja.<\/p>\n<p>Neste livro, Scazzero esquematiza sua jornada e os sinais da espiritualidade emocionalmente saud\u00e1vel. Ele fornece sete formas b\u00edblicas de exame da realidade para prosseguir em uma verdadeira revolu\u00e7\u00e3o cujo prop\u00f3sito \u00e9 Cristo para voc\u00ea. &#8220;A combina\u00e7\u00e3o de sa\u00fade emocional e espiritualidade contemplativa&#8221;, diz ele, &#8220;libera o Esp\u00edrito Santo dentro de n\u00f3s para que possamos conhecer de forma experimental o poder de uma aut\u00eantica vida em Cristo&#8221;.<\/p>\n","protected":false},"excerpt":{"rendered":"<p>Peter Scazzero aprendeu a duras penas que n\u00e3o se pode ser espiritualmente maduro enquanto se permanece emocionalmente imaturo. Embora pastor&hellip;<\/p>\n","protected":false},"featured_media":346073,"comment_status":"open","ping_status":"closed","template":"","meta":[],"product_cat":[160,134],"product_tag":[],"_links":{"self":[{"href":"https:\/\/www.livrariarema.com.br\/loja\/wp-json\/wp\/v2\/product\/51833"}],"collection":[{"href":"https:\/\/www.livrariarema.com.br\/loja\/wp-json\/wp\/v2\/product"}],"about":[{"href":"https:\/\/www.livrariarema.com.br\/loja\/wp-json\/wp\/v2\/types\/product"}],"replies":[{"embeddable":true,"href":"https:\/\/www.livrariarema.com.br\/loja\/wp-json\/wp\/v2\/comments?post=51833"}],"wp:featuredmedia":[{"embeddable":true,"href":"https:\/\/www.livrariarema.com.br\/loja\/wp-json\/wp\/v2\/media\/346073"}],"wp:attachment":[{"href":"https:\/\/www.livrariarema.com.br\/loja\/wp-json\/wp\/v2\/media?parent=51833"}],"wp:term":[{"taxonomy":"product_cat","embeddable":true,"href":"https:\/\/www.livrariarema.com.br\/loja\/wp-json\/wp\/v2\/product_cat?post=51833"},{"taxonomy":"product_tag","embeddable":true,"href":"https:\/\/www.livrariarema.com.br\/loja\/wp-json\/wp\/v2\/product_tag?post=51833"}],"curies":[{"name":"wp","href":"https:\/\/api.w.org\/{rel}","templated":true}]}}