{"id":51843,"date":"2021-01-21T16:42:16","date_gmt":"2021-01-21T19:42:16","guid":{"rendered":"https:\/\/www.livrariarema.com.br\/loja\/produtos\/sem%20categoria\/significado-do-casamento-o-timothy-keller\/"},"modified":"2026-02-20T13:37:16","modified_gmt":"2026-02-20T16:37:16","slug":"significado-do-casamento-o-timothy-keller","status":"publish","type":"product","link":"https:\/\/www.livrariarema.com.br\/loja\/produtos\/livros\/casamento\/significado-do-casamento-o-timothy-keller\/","title":{"rendered":"Significado Do Casamento, O &#8211; Timothy Keller"},"content":{"rendered":"<p>Nunca houve um livro sobre o casamento como O significado do casamento.<BR><br \/>\n<BR><br \/>\nEste livro se baseia na muito aplaudida s\u00e9rie de serm\u00f5es pregados por Timothy Keller, autor best-seller do New York Times. O autor mostra a todos &#8211; crist\u00e3os, c\u00e9ticos, solteiros, casais casados h\u00e1 muito tempo e aos que est\u00e3o prestes a noivar &#8211; a vis\u00e3o do que o casamento deve ser segundo a B\u00edblia.<BR><br \/>\n<BR><br \/>\nUsando a B\u00edblia como seu guia, e com os coment\u00e1rios muito perspicazes de Kathy, sua esposa h\u00e1 37 anos, Timothy Keller mostra que Deus criou o casamento para nos trazer para mais perto dele e para dar mais alegria \u00e0 nossa vida. \u00c9 um relacionamento glorioso, e \u00e9 tamb\u00e9m o mais malcompreendido e misterioso dos relacionamentos. Caracterizado por uma compreens\u00e3o clara e cristalina da B\u00edblia e por instru\u00e7\u00f5es significativas sobre como conduzir um casamento bem-sucedido, O significado do casamento \u00e9 leitura essencial para qualquer pessoa que quer conhecer a Deus e amar mais profundamente nesta vida.<BR><\/p>\n","protected":false},"excerpt":{"rendered":"<p>Nunca houve um livro sobre o casamento como O significado do casamento. Este livro se baseia na muito aplaudida s\u00e9rie&hellip;<\/p>\n","protected":false},"featured_media":345091,"comment_status":"open","ping_status":"closed","template":"","meta":[],"product_cat":[155,134],"product_tag":[],"_links":{"self":[{"href":"https:\/\/www.livrariarema.com.br\/loja\/wp-json\/wp\/v2\/product\/51843"}],"collection":[{"href":"https:\/\/www.livrariarema.com.br\/loja\/wp-json\/wp\/v2\/product"}],"about":[{"href":"https:\/\/www.livrariarema.com.br\/loja\/wp-json\/wp\/v2\/types\/product"}],"replies":[{"embeddable":true,"href":"https:\/\/www.livrariarema.com.br\/loja\/wp-json\/wp\/v2\/comments?post=51843"}],"wp:featuredmedia":[{"embeddable":true,"href":"https:\/\/www.livrariarema.com.br\/loja\/wp-json\/wp\/v2\/media\/345091"}],"wp:attachment":[{"href":"https:\/\/www.livrariarema.com.br\/loja\/wp-json\/wp\/v2\/media?parent=51843"}],"wp:term":[{"taxonomy":"product_cat","embeddable":true,"href":"https:\/\/www.livrariarema.com.br\/loja\/wp-json\/wp\/v2\/product_cat?post=51843"},{"taxonomy":"product_tag","embeddable":true,"href":"https:\/\/www.livrariarema.com.br\/loja\/wp-json\/wp\/v2\/product_tag?post=51843"}],"curies":[{"name":"wp","href":"https:\/\/api.w.org\/{rel}","templated":true}]}}