{"id":51857,"date":"2021-01-21T16:42:33","date_gmt":"2021-01-21T19:42:33","guid":{"rendered":"https:\/\/www.livrariarema.com.br\/loja\/produtos\/sem%20categoria\/biblia-do-peregrino-capa-cristal-verde\/"},"modified":"2024-08-20T08:55:19","modified_gmt":"2024-08-20T11:55:19","slug":"biblia-do-peregrino-capa-cristal-verde","status":"publish","type":"product","link":"https:\/\/www.livrariarema.com.br\/loja\/produtos\/biblias\/catolica\/biblia-do-peregrino-capa-cristal-verde\/","title":{"rendered":"B\u00edblia Do Peregrino &#8211; Capa Cristal &#8211; Verde"},"content":{"rendered":"<p>Esta B\u00edblia se destaca pela tradu\u00e7\u00e3o idiom\u00e1tica, ou seja, n\u00e3o pela transposi\u00e7\u00e3o mec\u00e2nica de palavras hebraicas, aramaicas e gregas para uma l\u00edngua moderna, mas por equival\u00eancias din\u00e2micas proporcionais. O que se busca \u00e9 reproduzir a fei\u00e7\u00e3o das l\u00ednguas antigas nas l\u00ednguas atuais.<\/p>\n","protected":false},"excerpt":{"rendered":"<p>Esta B\u00edblia se destaca pela tradu\u00e7\u00e3o idiom\u00e1tica, ou seja, n\u00e3o pela transposi\u00e7\u00e3o mec\u00e2nica de palavras hebraicas, aramaicas e gregas para&hellip;<\/p>\n","protected":false},"featured_media":311931,"comment_status":"open","ping_status":"closed","template":"","meta":[],"product_cat":[139,219],"product_tag":[],"_links":{"self":[{"href":"https:\/\/www.livrariarema.com.br\/loja\/wp-json\/wp\/v2\/product\/51857"}],"collection":[{"href":"https:\/\/www.livrariarema.com.br\/loja\/wp-json\/wp\/v2\/product"}],"about":[{"href":"https:\/\/www.livrariarema.com.br\/loja\/wp-json\/wp\/v2\/types\/product"}],"replies":[{"embeddable":true,"href":"https:\/\/www.livrariarema.com.br\/loja\/wp-json\/wp\/v2\/comments?post=51857"}],"wp:featuredmedia":[{"embeddable":true,"href":"https:\/\/www.livrariarema.com.br\/loja\/wp-json\/wp\/v2\/media\/311931"}],"wp:attachment":[{"href":"https:\/\/www.livrariarema.com.br\/loja\/wp-json\/wp\/v2\/media?parent=51857"}],"wp:term":[{"taxonomy":"product_cat","embeddable":true,"href":"https:\/\/www.livrariarema.com.br\/loja\/wp-json\/wp\/v2\/product_cat?post=51857"},{"taxonomy":"product_tag","embeddable":true,"href":"https:\/\/www.livrariarema.com.br\/loja\/wp-json\/wp\/v2\/product_tag?post=51857"}],"curies":[{"name":"wp","href":"https:\/\/api.w.org\/{rel}","templated":true}]}}