{"id":51871,"date":"2021-01-21T16:42:59","date_gmt":"2021-01-21T19:42:59","guid":{"rendered":"https:\/\/www.livrariarema.com.br\/loja\/produtos\/sem%20categoria\/historias-da-biblia-para-meninas\/"},"modified":"2026-02-28T11:38:29","modified_gmt":"2026-02-28T14:38:29","slug":"historias-da-biblia-para-meninas","status":"publish","type":"product","link":"https:\/\/www.livrariarema.com.br\/loja\/produtos\/livros\/infantil\/historias-da-biblia-para-meninas\/","title":{"rendered":"Historias Da B\u00edblia &#8211; Para Meninas"},"content":{"rendered":"<p>As crian\u00e7as precisam de modelos de car\u00e1ter e comportamento para seguir. Esta obra busca estimular as meninas a agirem de forma semelhante \u00e0s protagonistas de suas hist\u00f3rias, influenciando-as, positivamente, a se tornarem verdadeiras crist\u00e3s.<\/p>\n","protected":false},"excerpt":{"rendered":"<p>As crian\u00e7as precisam de modelos de car\u00e1ter e comportamento para seguir. Esta obra busca estimular as meninas a agirem de&hellip;<\/p>\n","protected":false},"featured_media":331549,"comment_status":"open","ping_status":"closed","template":"","meta":[],"product_cat":[144,134],"product_tag":[],"_links":{"self":[{"href":"https:\/\/www.livrariarema.com.br\/loja\/wp-json\/wp\/v2\/product\/51871"}],"collection":[{"href":"https:\/\/www.livrariarema.com.br\/loja\/wp-json\/wp\/v2\/product"}],"about":[{"href":"https:\/\/www.livrariarema.com.br\/loja\/wp-json\/wp\/v2\/types\/product"}],"replies":[{"embeddable":true,"href":"https:\/\/www.livrariarema.com.br\/loja\/wp-json\/wp\/v2\/comments?post=51871"}],"wp:featuredmedia":[{"embeddable":true,"href":"https:\/\/www.livrariarema.com.br\/loja\/wp-json\/wp\/v2\/media\/331549"}],"wp:attachment":[{"href":"https:\/\/www.livrariarema.com.br\/loja\/wp-json\/wp\/v2\/media?parent=51871"}],"wp:term":[{"taxonomy":"product_cat","embeddable":true,"href":"https:\/\/www.livrariarema.com.br\/loja\/wp-json\/wp\/v2\/product_cat?post=51871"},{"taxonomy":"product_tag","embeddable":true,"href":"https:\/\/www.livrariarema.com.br\/loja\/wp-json\/wp\/v2\/product_tag?post=51871"}],"curies":[{"name":"wp","href":"https:\/\/api.w.org\/{rel}","templated":true}]}}