{"id":51875,"date":"2021-01-21T16:43:06","date_gmt":"2021-01-21T19:43:06","guid":{"rendered":"https:\/\/www.livrariarema.com.br\/loja\/produtos\/sem%20categoria\/aventuras-biblicas-moises\/"},"modified":"2022-06-27T16:37:59","modified_gmt":"2022-06-27T19:37:59","slug":"aventuras-biblicas-moises","status":"publish","type":"product","link":"https:\/\/www.livrariarema.com.br\/loja\/produtos\/livros\/infantil\/aventuras-biblicas-moises\/","title":{"rendered":"Aventuras B\u00edblicas &#8211; Mois\u00e9s"},"content":{"rendered":"<p>Com belas e coloridas ilustra\u00e7\u00f5es, Aventuras b\u00edblicas \u00e9 um convite a um passeio encantador por paisagens e acontecimentos b\u00edblicos onde as crian\u00e7as tiveram seu papel de destaque. A b\u00edblia \u00e9 percebida com um olhar diferente: emocionante e divertido, como s\u00f3 a crian\u00e7a consegue ver.<\/p>\n","protected":false},"excerpt":{"rendered":"<p>Com belas e coloridas ilustra\u00e7\u00f5es, Aventuras b\u00edblicas \u00e9 um convite a um passeio encantador por paisagens e acontecimentos b\u00edblicos onde&hellip;<\/p>\n","protected":false},"featured_media":167255,"comment_status":"open","ping_status":"closed","template":"","meta":[],"product_cat":[144,134],"product_tag":[],"_links":{"self":[{"href":"https:\/\/www.livrariarema.com.br\/loja\/wp-json\/wp\/v2\/product\/51875"}],"collection":[{"href":"https:\/\/www.livrariarema.com.br\/loja\/wp-json\/wp\/v2\/product"}],"about":[{"href":"https:\/\/www.livrariarema.com.br\/loja\/wp-json\/wp\/v2\/types\/product"}],"replies":[{"embeddable":true,"href":"https:\/\/www.livrariarema.com.br\/loja\/wp-json\/wp\/v2\/comments?post=51875"}],"wp:featuredmedia":[{"embeddable":true,"href":"https:\/\/www.livrariarema.com.br\/loja\/wp-json\/wp\/v2\/media\/167255"}],"wp:attachment":[{"href":"https:\/\/www.livrariarema.com.br\/loja\/wp-json\/wp\/v2\/media?parent=51875"}],"wp:term":[{"taxonomy":"product_cat","embeddable":true,"href":"https:\/\/www.livrariarema.com.br\/loja\/wp-json\/wp\/v2\/product_cat?post=51875"},{"taxonomy":"product_tag","embeddable":true,"href":"https:\/\/www.livrariarema.com.br\/loja\/wp-json\/wp\/v2\/product_tag?post=51875"}],"curies":[{"name":"wp","href":"https:\/\/api.w.org\/{rel}","templated":true}]}}