{"id":51887,"date":"2021-01-21T16:43:27","date_gmt":"2021-01-21T19:43:27","guid":{"rendered":"https:\/\/www.livrariarema.com.br\/loja\/produtos\/sem%20categoria\/historias-da-biblia-noe\/"},"modified":"2026-03-06T09:40:56","modified_gmt":"2026-03-06T12:40:56","slug":"historias-da-biblia-noe","status":"publish","type":"product","link":"https:\/\/www.livrariarema.com.br\/loja\/produtos\/livros\/infantil\/historias-da-biblia-noe\/","title":{"rendered":"Hist\u00f3rias Da Biblia &#8211; No\u00e9"},"content":{"rendered":"<p>As crian\u00e7as v\u00e3o adorar aprender bons valores, por meio do exemplo excepcional de alguns dos mais amados personagens da B\u00edblia, com estes livrinhos belamente ilustrados e em linguagem acess\u00edvel aos pequenos&#8230;um verdadeiro tesouro para a inf\u00e2ncia.<\/p>\n","protected":false},"excerpt":{"rendered":"<p>As crian\u00e7as v\u00e3o adorar aprender bons valores, por meio do exemplo excepcional de alguns dos mais amados personagens da B\u00edblia,&hellip;<\/p>\n","protected":false},"featured_media":331555,"comment_status":"open","ping_status":"closed","template":"","meta":[],"product_cat":[144,134],"product_tag":[],"_links":{"self":[{"href":"https:\/\/www.livrariarema.com.br\/loja\/wp-json\/wp\/v2\/product\/51887"}],"collection":[{"href":"https:\/\/www.livrariarema.com.br\/loja\/wp-json\/wp\/v2\/product"}],"about":[{"href":"https:\/\/www.livrariarema.com.br\/loja\/wp-json\/wp\/v2\/types\/product"}],"replies":[{"embeddable":true,"href":"https:\/\/www.livrariarema.com.br\/loja\/wp-json\/wp\/v2\/comments?post=51887"}],"wp:featuredmedia":[{"embeddable":true,"href":"https:\/\/www.livrariarema.com.br\/loja\/wp-json\/wp\/v2\/media\/331555"}],"wp:attachment":[{"href":"https:\/\/www.livrariarema.com.br\/loja\/wp-json\/wp\/v2\/media?parent=51887"}],"wp:term":[{"taxonomy":"product_cat","embeddable":true,"href":"https:\/\/www.livrariarema.com.br\/loja\/wp-json\/wp\/v2\/product_cat?post=51887"},{"taxonomy":"product_tag","embeddable":true,"href":"https:\/\/www.livrariarema.com.br\/loja\/wp-json\/wp\/v2\/product_tag?post=51887"}],"curies":[{"name":"wp","href":"https:\/\/api.w.org\/{rel}","templated":true}]}}