{"id":51891,"date":"2021-01-21T16:43:34","date_gmt":"2021-01-21T19:43:34","guid":{"rendered":"https:\/\/www.livrariarema.com.br\/loja\/produtos\/sem%20categoria\/anjos-e-demonios-benny-hinn\/"},"modified":"2026-02-05T17:32:17","modified_gmt":"2026-02-05T20:32:17","slug":"anjos-e-demonios-benny-hinn","status":"publish","type":"product","link":"https:\/\/www.livrariarema.com.br\/loja\/produtos\/livros\/batalha-espiritual\/anjos-e-demonios-benny-hinn\/","title":{"rendered":"Anjos E Dem\u00f4nios &#8211; Benny Hinn"},"content":{"rendered":"<p>Uma jornada inesquec\u00edvel no mundo espiritual do bem e do mal<\/p>\n<p>Neste livro, repletos de fatos, voc\u00ea deparar\u00e1 com duas for\u00e7as que mais operam no mundo: anjos e dem\u00f4nios. N\u00e3o s\u00e3o frutos de nossa imagina\u00e7\u00e3o, mas s\u00e3o reais neste exato momento.<\/p>\n<p>Voc\u00ea descobrir\u00e1:<br \/>\n&#8211; Sete fatos espec\u00edficos que precisa saber sobre os seres angelicais<br \/>\n&#8211; A forma e fun\u00e7\u00e3o dos serafins e querubins <br \/>\n&#8211; O mundo dos zoa &#8211; &#8220;seres viventes&#8221; <br \/>\n&#8211; A miss\u00e3o dos anjos hoje <br \/>\n&#8211; A evid\u00eancia b\u00edblica de que os anjos eram pais dos gigantes do Antigo Testamento<br \/>\n&#8211; Os sete m\u00e9todos tortuosos usados pelos dem\u00f4nios para ter entrada na vida de uma pessoa<br \/> <br \/>\n&#8211; Os doze esp\u00edritos demon\u00edacos do &#8220;homem forte&#8221; mencionados na B\u00edblia &#8211; e como venc\u00ea-los<br \/> <br \/>\n&#8211; O papel dos anjos e dem\u00f4nios no fim dos tempos<\/p>\n<p>ANJOS E DEM\u00d4NIOS<\/p>\n<p>Benny Hinn afirma: &#8220;Estou empolgado por voc\u00ea ter escolhido ler este livro. Ele \u00e9 o resultado de mais de trinta anos de estudo sobre esse assunto e, para mim, foi transformador de vida. Creio que voc\u00ea tamb\u00e9m ser\u00e1 transformado&#8221;.<\/p>\n<p>Benny Hinn, nascido em Jaffa, Israel, \u00e9 um renomado evangelista, professor e autor de best-sellers, incluindo Bom dia, Esp\u00edrito Santo; Sangue na areia; Tocou-me e muitos outros. Seu programa de televis\u00e3o This Is Your Day! [Este \u00e9 seu dia!] \u00e9 um dos programas crist\u00e3os mais assistidos, visto diariamente em mais de 200 pa\u00edses. Em um minist\u00e9rio que se estende por tr\u00eas d\u00e9cadas, ele prega o evangelho face a face e por interm\u00e9dio da televis\u00e3o para mais de 1 bilh\u00e3o de pessoas.<\/p>\n","protected":false},"excerpt":{"rendered":"<p>Uma jornada inesquec\u00edvel no mundo espiritual do bem e do mal Neste livro, repletos de fatos, voc\u00ea deparar\u00e1 com duas&hellip;<\/p>\n","protected":false},"featured_media":343823,"comment_status":"open","ping_status":"closed","template":"","meta":[],"product_cat":[135,134],"product_tag":[],"_links":{"self":[{"href":"https:\/\/www.livrariarema.com.br\/loja\/wp-json\/wp\/v2\/product\/51891"}],"collection":[{"href":"https:\/\/www.livrariarema.com.br\/loja\/wp-json\/wp\/v2\/product"}],"about":[{"href":"https:\/\/www.livrariarema.com.br\/loja\/wp-json\/wp\/v2\/types\/product"}],"replies":[{"embeddable":true,"href":"https:\/\/www.livrariarema.com.br\/loja\/wp-json\/wp\/v2\/comments?post=51891"}],"wp:featuredmedia":[{"embeddable":true,"href":"https:\/\/www.livrariarema.com.br\/loja\/wp-json\/wp\/v2\/media\/343823"}],"wp:attachment":[{"href":"https:\/\/www.livrariarema.com.br\/loja\/wp-json\/wp\/v2\/media?parent=51891"}],"wp:term":[{"taxonomy":"product_cat","embeddable":true,"href":"https:\/\/www.livrariarema.com.br\/loja\/wp-json\/wp\/v2\/product_cat?post=51891"},{"taxonomy":"product_tag","embeddable":true,"href":"https:\/\/www.livrariarema.com.br\/loja\/wp-json\/wp\/v2\/product_tag?post=51891"}],"curies":[{"name":"wp","href":"https:\/\/api.w.org\/{rel}","templated":true}]}}