{"id":51909,"date":"2021-01-21T16:44:08","date_gmt":"2021-01-21T19:44:08","guid":{"rendered":"https:\/\/www.livrariarema.com.br\/loja\/produtos\/sem%20categoria\/historia-da-pascoa-a\/"},"modified":"2026-04-08T14:05:08","modified_gmt":"2026-04-08T17:05:08","slug":"historia-da-pascoa-a","status":"publish","type":"product","link":"https:\/\/www.livrariarema.com.br\/loja\/produtos\/livros\/infantil\/historia-da-pascoa-a\/","title":{"rendered":"Celebrar A F\u00e9 &#8211; A Hist\u00f3ria Da P\u00e1scoa"},"content":{"rendered":"<p>A P\u00e1scoa \u00e9 uma ocasi\u00e3o especial para o Cristianismo. O sacrif\u00edcio, a morte e a ressurrei\u00e7\u00e3o de Jesus Cristo s\u00e3o a raz\u00e3o da f\u00e9 crist\u00e3 e a verdadeira celebra\u00e7\u00e3o da P\u00e1scoa. Esta obra \u00e9 o melhor presente de P\u00e1scoa que uma crian\u00e7a pode receber.<\/p>\n","protected":false},"excerpt":{"rendered":"<p>A P\u00e1scoa \u00e9 uma ocasi\u00e3o especial para o Cristianismo. O sacrif\u00edcio, a morte e a ressurrei\u00e7\u00e3o de Jesus Cristo s\u00e3o&hellip;<\/p>\n","protected":false},"featured_media":256826,"comment_status":"open","ping_status":"closed","template":"","meta":[],"product_cat":[144,134],"product_tag":[],"_links":{"self":[{"href":"https:\/\/www.livrariarema.com.br\/loja\/wp-json\/wp\/v2\/product\/51909"}],"collection":[{"href":"https:\/\/www.livrariarema.com.br\/loja\/wp-json\/wp\/v2\/product"}],"about":[{"href":"https:\/\/www.livrariarema.com.br\/loja\/wp-json\/wp\/v2\/types\/product"}],"replies":[{"embeddable":true,"href":"https:\/\/www.livrariarema.com.br\/loja\/wp-json\/wp\/v2\/comments?post=51909"}],"wp:featuredmedia":[{"embeddable":true,"href":"https:\/\/www.livrariarema.com.br\/loja\/wp-json\/wp\/v2\/media\/256826"}],"wp:attachment":[{"href":"https:\/\/www.livrariarema.com.br\/loja\/wp-json\/wp\/v2\/media?parent=51909"}],"wp:term":[{"taxonomy":"product_cat","embeddable":true,"href":"https:\/\/www.livrariarema.com.br\/loja\/wp-json\/wp\/v2\/product_cat?post=51909"},{"taxonomy":"product_tag","embeddable":true,"href":"https:\/\/www.livrariarema.com.br\/loja\/wp-json\/wp\/v2\/product_tag?post=51909"}],"curies":[{"name":"wp","href":"https:\/\/api.w.org\/{rel}","templated":true}]}}