{"id":51910,"date":"2021-01-21T16:44:11","date_gmt":"2021-01-21T19:44:11","guid":{"rendered":"https:\/\/www.livrariarema.com.br\/loja\/produtos\/sem%20categoria\/historia-do-natal-a\/"},"modified":"2026-03-23T15:22:34","modified_gmt":"2026-03-23T18:22:34","slug":"historia-do-natal-a","status":"publish","type":"product","link":"https:\/\/www.livrariarema.com.br\/loja\/produtos\/livros\/infantil\/historia-do-natal-a\/","title":{"rendered":"Celebrar A F\u00e9 &#8211; A Hist\u00f3ria Do Natal"},"content":{"rendered":"<p>&#8221; Gl\u00f3ria a Deus nas alturas e paz na terra e boa vontade para com os homens&#8221; Lucas 2:14. Com estas palavras os anjos celebravam um maravilhoso acontecimento: o nascimento de Jesus, o Salvador da Humanidade. O Natal foi criado para lembrar esta data com presentes e transformou-se em uma tradi\u00e7\u00e3o. O melhor presente \u00e9 conhecer a raz\u00e3o de toda esta comemora\u00e7\u00e3o. Esta obra \u00e9 a melhor forma de ensinar ao seu pequenino porque o Natal \u00e9 t\u00e3o importante.<\/p>\n","protected":false},"excerpt":{"rendered":"<p>&#8221; Gl\u00f3ria a Deus nas alturas e paz na terra e boa vontade para com os homens&#8221; Lucas 2:14. Com&hellip;<\/p>\n","protected":false},"featured_media":331064,"comment_status":"open","ping_status":"closed","template":"","meta":[],"product_cat":[144,134],"product_tag":[],"_links":{"self":[{"href":"https:\/\/www.livrariarema.com.br\/loja\/wp-json\/wp\/v2\/product\/51910"}],"collection":[{"href":"https:\/\/www.livrariarema.com.br\/loja\/wp-json\/wp\/v2\/product"}],"about":[{"href":"https:\/\/www.livrariarema.com.br\/loja\/wp-json\/wp\/v2\/types\/product"}],"replies":[{"embeddable":true,"href":"https:\/\/www.livrariarema.com.br\/loja\/wp-json\/wp\/v2\/comments?post=51910"}],"wp:featuredmedia":[{"embeddable":true,"href":"https:\/\/www.livrariarema.com.br\/loja\/wp-json\/wp\/v2\/media\/331064"}],"wp:attachment":[{"href":"https:\/\/www.livrariarema.com.br\/loja\/wp-json\/wp\/v2\/media?parent=51910"}],"wp:term":[{"taxonomy":"product_cat","embeddable":true,"href":"https:\/\/www.livrariarema.com.br\/loja\/wp-json\/wp\/v2\/product_cat?post=51910"},{"taxonomy":"product_tag","embeddable":true,"href":"https:\/\/www.livrariarema.com.br\/loja\/wp-json\/wp\/v2\/product_tag?post=51910"}],"curies":[{"name":"wp","href":"https:\/\/api.w.org\/{rel}","templated":true}]}}