{"id":51914,"date":"2021-01-21T16:44:20","date_gmt":"2021-01-21T19:44:20","guid":{"rendered":"https:\/\/www.livrariarema.com.br\/loja\/produtos\/sem%20categoria\/batalha-pertence-ao-senhor-a-joyce-meyer\/"},"modified":"2025-12-22T15:53:36","modified_gmt":"2025-12-22T18:53:36","slug":"batalha-pertence-ao-senhor-a-joyce-meyer","status":"publish","type":"product","link":"https:\/\/www.livrariarema.com.br\/loja\/produtos\/livros\/cura-libertacao\/batalha-pertence-ao-senhor-a-joyce-meyer\/","title":{"rendered":"Batalha Pertence Ao Senhor, A &#8211; Joyce Meyer"},"content":{"rendered":"<p>O livro A Batalha Pertence ao Senhor \u00e9 uma obra de Joyce Meyer que vai ajudar voc\u00ea a resistir ao medo e a ansiedade, deixando que Deus tenha o controle de suas batalhas e lute por voc\u00ea.<br \/>\nExistem muitos inimigos com os quais devemos tomar muito cuidado. Por\u00e9m, um dos nossos piores inimigos muitas vezes mora dentro da gente: o medo. N\u00e3o existe pris\u00e3o que ofere\u00e7a pior sofrimento do que o medo.<br \/>\nViver com medo e ansiedade \u00e9 viver sob tormenta e se opor ao que Deus deseja no dar. Mas, como \u00e9 poss\u00edvel quebrar estas pris\u00f5es que criamos ao redor de n\u00f3s mesmos? Confiando plenamente em Deus e deixando que Ele batalhe por n\u00f3s.<br \/>\nNeste livro incr\u00edvel a autora Joyce Meyer vai mostrar para voc\u00ea as formas mais f\u00e1ceis de quebrar estas cadeias deixando Deus fazer por voc\u00ea o que voc\u00ea n\u00e3o poderia jamais fazer sozinho, mantendo tudo no controle em constante vit\u00f3ria e liberdade. Voc\u00ea vai descobrir como:<br \/>\n&#8211; Receber o poder e a presen\u00e7a de Deus atrav\u00e9s da adora\u00e7\u00e3o;<br \/>\n&#8211; Entregar suas lutas a Ele para alcan\u00e7ar vit\u00f3ria;<br \/>\n&#8211; Confrontar e vencer o medo e a ansiedade;<br \/>\n&#8211; Liberar o poder de Deus para transformar a sua vida.<\/p>\n<p>Com nosso Deus n\u00e3o existe casos sem solu\u00e7\u00e3o ou situa\u00e7\u00e3o qualquer que Ele n\u00e3o possa solucionar ou mostrar o caminho para a vit\u00f3ria. Deixe que as suas for\u00e7as venham de Deus e viva em completa alegria e paz, independente de qual seja a situa\u00e7\u00e3o pela qual voc\u00ea tenha que passar. A luta \u00e9 de Deus e Ele nunca vai perder.<br \/>\nJoyce Meyer \u00e9 fundadora do minist\u00e9rio Vida na Palavra, pastora e escritora famosa internacionalmente, j\u00e1 tocou milhares de vidas com a verdade de Cristo e seus incr\u00edveis best-sellers que transformam pessoas e as levam ao encontro de Jesus.<\/p>\n","protected":false},"excerpt":{"rendered":"<p>O livro A Batalha Pertence ao Senhor \u00e9 uma obra de Joyce Meyer que vai ajudar voc\u00ea a resistir ao&hellip;<\/p>\n","protected":false},"featured_media":284040,"comment_status":"open","ping_status":"closed","template":"","meta":[],"product_cat":[157,134],"product_tag":[],"_links":{"self":[{"href":"https:\/\/www.livrariarema.com.br\/loja\/wp-json\/wp\/v2\/product\/51914"}],"collection":[{"href":"https:\/\/www.livrariarema.com.br\/loja\/wp-json\/wp\/v2\/product"}],"about":[{"href":"https:\/\/www.livrariarema.com.br\/loja\/wp-json\/wp\/v2\/types\/product"}],"replies":[{"embeddable":true,"href":"https:\/\/www.livrariarema.com.br\/loja\/wp-json\/wp\/v2\/comments?post=51914"}],"wp:featuredmedia":[{"embeddable":true,"href":"https:\/\/www.livrariarema.com.br\/loja\/wp-json\/wp\/v2\/media\/284040"}],"wp:attachment":[{"href":"https:\/\/www.livrariarema.com.br\/loja\/wp-json\/wp\/v2\/media?parent=51914"}],"wp:term":[{"taxonomy":"product_cat","embeddable":true,"href":"https:\/\/www.livrariarema.com.br\/loja\/wp-json\/wp\/v2\/product_cat?post=51914"},{"taxonomy":"product_tag","embeddable":true,"href":"https:\/\/www.livrariarema.com.br\/loja\/wp-json\/wp\/v2\/product_tag?post=51914"}],"curies":[{"name":"wp","href":"https:\/\/api.w.org\/{rel}","templated":true}]}}