{"id":51942,"date":"2021-01-21T16:45:10","date_gmt":"2021-01-21T19:45:10","guid":{"rendered":"https:\/\/www.livrariarema.com.br\/loja\/produtos\/sem%20categoria\/biblia-da-princesinha-a-sheila-walsh\/"},"modified":"2026-04-16T14:13:04","modified_gmt":"2026-04-16T17:13:04","slug":"biblia-da-princesinha-a-sheila-walsh","status":"publish","type":"product","link":"https:\/\/www.livrariarema.com.br\/loja\/produtos\/livros\/infantil-biblia\/biblia-da-princesinha-a-sheila-walsh\/","title":{"rendered":"B\u00edblia Da Princesinha, A &#8211; Sheila Walsh"},"content":{"rendered":"<p>A B\u00edblia da Princesinha levar\u00e1 as meninas a conhecer a hist\u00f3ria de Eva, Sara, Rute, Ester, Isabel, Maria e tantas outras princesas da B\u00edblia, que aprenderam como seu valor \u00e9 muito maior que qualquer joia deste mundo, e que a beleza e a gra\u00e7a s\u00e3o presentes dados pelo Criador a todas as meninas, sem exce\u00e7\u00e3o.<\/p>\n","protected":false},"excerpt":{"rendered":"<p>A B\u00edblia da Princesinha levar\u00e1 as meninas a conhecer a hist\u00f3ria de Eva, Sara, Rute, Ester, Isabel, Maria e tantas&hellip;<\/p>\n","protected":false},"featured_media":345471,"comment_status":"open","ping_status":"closed","template":"","meta":[],"product_cat":[165,134],"product_tag":[],"_links":{"self":[{"href":"https:\/\/www.livrariarema.com.br\/loja\/wp-json\/wp\/v2\/product\/51942"}],"collection":[{"href":"https:\/\/www.livrariarema.com.br\/loja\/wp-json\/wp\/v2\/product"}],"about":[{"href":"https:\/\/www.livrariarema.com.br\/loja\/wp-json\/wp\/v2\/types\/product"}],"replies":[{"embeddable":true,"href":"https:\/\/www.livrariarema.com.br\/loja\/wp-json\/wp\/v2\/comments?post=51942"}],"wp:featuredmedia":[{"embeddable":true,"href":"https:\/\/www.livrariarema.com.br\/loja\/wp-json\/wp\/v2\/media\/345471"}],"wp:attachment":[{"href":"https:\/\/www.livrariarema.com.br\/loja\/wp-json\/wp\/v2\/media?parent=51942"}],"wp:term":[{"taxonomy":"product_cat","embeddable":true,"href":"https:\/\/www.livrariarema.com.br\/loja\/wp-json\/wp\/v2\/product_cat?post=51942"},{"taxonomy":"product_tag","embeddable":true,"href":"https:\/\/www.livrariarema.com.br\/loja\/wp-json\/wp\/v2\/product_tag?post=51942"}],"curies":[{"name":"wp","href":"https:\/\/api.w.org\/{rel}","templated":true}]}}