{"id":52006,"date":"2021-01-21T16:46:50","date_gmt":"2021-01-21T19:46:50","guid":{"rendered":"https:\/\/www.livrariarema.com.br\/loja\/produtos\/sem%20categoria\/ra064tilgiz-biblia-letra-gigante-com-notas-e-referencias-ziper-c-indice-preta\/"},"modified":"2026-04-29T13:32:30","modified_gmt":"2026-04-29T16:32:30","slug":"ra064tilgiz-biblia-letra-gigante-com-notas-e-referencias-ziper-c-indice-preta","status":"publish","type":"product","link":"https:\/\/www.livrariarema.com.br\/loja\/produtos\/biblias\/revista-atualizada\/ra064tilgiz-biblia-letra-gigante-com-notas-e-referencias-ziper-c-indice-preta\/","title":{"rendered":"Ra064tilgiz &#8211; B\u00edblia Letra Gigante &#8211; Com Notas E Refer\u00eancias &#8211; Z\u00edper &#8211; C\/ \u00cdndice &#8211; Preta"},"content":{"rendered":"<p>Com formato mais compacto, esta edi\u00e7\u00e3o na tradu\u00e7\u00e3o Almeida Revista e Atualizada possui letras gigantes que permitem maior conforto \u00e0 leitura.<\/p>\n<p>Recursos:<\/p>\n<p>&#8211; Notas e refer\u00eancias b\u00edblicas<br \/>\n&#8211; Como encontrar ajuda na B\u00edblia<br \/>\n&#8211; Tabela de pesos, moedas e medidas<br \/>\n&#8211; Leituras para dias especiais<br \/>\n&#8211; O que a B\u00edblia diz sobre o perd\u00e3o de Deus<br \/>\n&#8211; \u00cdndice digital.<\/p>\n","protected":false},"excerpt":{"rendered":"<p>Com formato mais compacto, esta edi\u00e7\u00e3o na tradu\u00e7\u00e3o Almeida Revista e Atualizada possui letras gigantes que permitem maior conforto \u00e0&hellip;<\/p>\n","protected":false},"featured_media":347482,"comment_status":"open","ping_status":"closed","template":"","meta":[],"product_cat":[139,173],"product_tag":[],"_links":{"self":[{"href":"https:\/\/www.livrariarema.com.br\/loja\/wp-json\/wp\/v2\/product\/52006"}],"collection":[{"href":"https:\/\/www.livrariarema.com.br\/loja\/wp-json\/wp\/v2\/product"}],"about":[{"href":"https:\/\/www.livrariarema.com.br\/loja\/wp-json\/wp\/v2\/types\/product"}],"replies":[{"embeddable":true,"href":"https:\/\/www.livrariarema.com.br\/loja\/wp-json\/wp\/v2\/comments?post=52006"}],"wp:featuredmedia":[{"embeddable":true,"href":"https:\/\/www.livrariarema.com.br\/loja\/wp-json\/wp\/v2\/media\/347482"}],"wp:attachment":[{"href":"https:\/\/www.livrariarema.com.br\/loja\/wp-json\/wp\/v2\/media?parent=52006"}],"wp:term":[{"taxonomy":"product_cat","embeddable":true,"href":"https:\/\/www.livrariarema.com.br\/loja\/wp-json\/wp\/v2\/product_cat?post=52006"},{"taxonomy":"product_tag","embeddable":true,"href":"https:\/\/www.livrariarema.com.br\/loja\/wp-json\/wp\/v2\/product_tag?post=52006"}],"curies":[{"name":"wp","href":"https:\/\/api.w.org\/{rel}","templated":true}]}}