{"id":52136,"date":"2021-01-21T16:50:50","date_gmt":"2021-01-21T19:50:50","guid":{"rendered":"https:\/\/www.livrariarema.com.br\/loja\/produtos\/sem%20categoria\/experimentando-a-presenca-de-deus-ensinamentos-da-carta-aos-hebreus-a-w-tozer\/"},"modified":"2026-01-21T12:10:36","modified_gmt":"2026-01-21T15:10:36","slug":"experimentando-a-presenca-de-deus-ensinamentos-da-carta-aos-hebreus-a-w-tozer","status":"publish","type":"product","link":"https:\/\/www.livrariarema.com.br\/loja\/produtos\/livros\/crescimento-espiritual\/experimentando-a-presenca-de-deus-ensinamentos-da-carta-aos-hebreus-a-w-tozer\/","title":{"rendered":"Experimentando A Presen\u00e7a De Deus &#8211; Ensinamentos Da Carta Aos Hebreus &#8211; A. W. Tozer"},"content":{"rendered":"<p>Em cada homem e mulher na face da terra, h\u00e1 um anseio pela presen\u00e7a de deus. <br \/>\nNo entanto, como \u00e9 poss\u00edvel alcan\u00e7\u00e1-la? <bR><br \/>\nExperimentando a presen\u00e7a de Deus faz parte de uma colet\u00e2nea in\u00e9dita de estudos de Tozer sobre as cartas aos hebreus e responder\u00e1 a essa pergunta.&lt;br<br \/>\nPastor e te\u00f3logo respeitado, o autor lan\u00e7ar\u00e1 m\u00e3o de argumentos que desafiar\u00e3o nosso status quo, convidando-nos a explorar um novo entendimento acerca do que significa habitar em Deus, al\u00e9m de nos levar a experimentar a plenitude divina a partir da qual fomos criados. Acompanhe Tozer nessa jornada em busca da presen\u00e7a de deus.<\/p>\n","protected":false},"excerpt":{"rendered":"<p>Em cada homem e mulher na face da terra, h\u00e1 um anseio pela presen\u00e7a de deus. No entanto, como \u00e9&hellip;<\/p>\n","protected":false},"featured_media":322958,"comment_status":"open","ping_status":"closed","template":"","meta":[],"product_cat":[147,134],"product_tag":[],"_links":{"self":[{"href":"https:\/\/www.livrariarema.com.br\/loja\/wp-json\/wp\/v2\/product\/52136"}],"collection":[{"href":"https:\/\/www.livrariarema.com.br\/loja\/wp-json\/wp\/v2\/product"}],"about":[{"href":"https:\/\/www.livrariarema.com.br\/loja\/wp-json\/wp\/v2\/types\/product"}],"replies":[{"embeddable":true,"href":"https:\/\/www.livrariarema.com.br\/loja\/wp-json\/wp\/v2\/comments?post=52136"}],"wp:featuredmedia":[{"embeddable":true,"href":"https:\/\/www.livrariarema.com.br\/loja\/wp-json\/wp\/v2\/media\/322958"}],"wp:attachment":[{"href":"https:\/\/www.livrariarema.com.br\/loja\/wp-json\/wp\/v2\/media?parent=52136"}],"wp:term":[{"taxonomy":"product_cat","embeddable":true,"href":"https:\/\/www.livrariarema.com.br\/loja\/wp-json\/wp\/v2\/product_cat?post=52136"},{"taxonomy":"product_tag","embeddable":true,"href":"https:\/\/www.livrariarema.com.br\/loja\/wp-json\/wp\/v2\/product_tag?post=52136"}],"curies":[{"name":"wp","href":"https:\/\/api.w.org\/{rel}","templated":true}]}}