{"id":52152,"date":"2021-01-21T16:51:19","date_gmt":"2021-01-21T19:51:19","guid":{"rendered":"https:\/\/www.livrariarema.com.br\/loja\/produtos\/sem%20categoria\/livrinho-pop-up-a-historia-de-moises\/"},"modified":"2023-04-15T11:23:00","modified_gmt":"2023-04-15T14:23:00","slug":"livrinho-pop-up-a-historia-de-moises","status":"publish","type":"product","link":"https:\/\/www.livrariarema.com.br\/loja\/produtos\/livros\/infantil\/livrinho-pop-up-a-historia-de-moises\/","title":{"rendered":"Livrinho Pop-Up &#8211; A Hist\u00f3ria De Mois\u00e9s"},"content":{"rendered":"<p>Surpresas pop-ups aparecem em cada cen\u00e1rio destas hist\u00f3rias b\u00edblicas muito admiradas! Observe a alegria dos seus pequeninos conforme aprendem e crescem com estes livros cativantes.<\/p>\n","protected":false},"excerpt":{"rendered":"<p>Surpresas pop-ups aparecem em cada cen\u00e1rio destas hist\u00f3rias b\u00edblicas muito admiradas! Observe a alegria dos seus pequeninos conforme aprendem e&hellip;<\/p>\n","protected":false},"featured_media":228097,"comment_status":"open","ping_status":"closed","template":"","meta":[],"product_cat":[144,134],"product_tag":[],"_links":{"self":[{"href":"https:\/\/www.livrariarema.com.br\/loja\/wp-json\/wp\/v2\/product\/52152"}],"collection":[{"href":"https:\/\/www.livrariarema.com.br\/loja\/wp-json\/wp\/v2\/product"}],"about":[{"href":"https:\/\/www.livrariarema.com.br\/loja\/wp-json\/wp\/v2\/types\/product"}],"replies":[{"embeddable":true,"href":"https:\/\/www.livrariarema.com.br\/loja\/wp-json\/wp\/v2\/comments?post=52152"}],"wp:featuredmedia":[{"embeddable":true,"href":"https:\/\/www.livrariarema.com.br\/loja\/wp-json\/wp\/v2\/media\/228097"}],"wp:attachment":[{"href":"https:\/\/www.livrariarema.com.br\/loja\/wp-json\/wp\/v2\/media?parent=52152"}],"wp:term":[{"taxonomy":"product_cat","embeddable":true,"href":"https:\/\/www.livrariarema.com.br\/loja\/wp-json\/wp\/v2\/product_cat?post=52152"},{"taxonomy":"product_tag","embeddable":true,"href":"https:\/\/www.livrariarema.com.br\/loja\/wp-json\/wp\/v2\/product_tag?post=52152"}],"curies":[{"name":"wp","href":"https:\/\/api.w.org\/{rel}","templated":true}]}}