{"id":52174,"date":"2021-01-21T16:52:01","date_gmt":"2021-01-21T19:52:01","guid":{"rendered":"https:\/\/www.livrariarema.com.br\/loja\/produtos\/sem%20categoria\/quarto-de-guerra-chris-farby\/"},"modified":"2026-04-23T17:12:56","modified_gmt":"2026-04-23T20:12:56","slug":"quarto-de-guerra-chris-farby","status":"publish","type":"product","link":"https:\/\/www.livrariarema.com.br\/loja\/produtos\/livros\/ficcao\/quarto-de-guerra-chris-farby\/","title":{"rendered":"Quarto De Guerra &#8211; Chris Farby"},"content":{"rendered":"<p>A ora\u00e7\u00e3o \u00e9 uma arma poderosa na batalha espiritual Baseado no roteiro original de Alex Kendrick &amp; Stephen Kendrick NAQUELE PEQUENO RECINTO ELA ENCONTROU O MAIOR ALIADO EM SUA BATALHA. Tony e Elizabeth Jordan t\u00eam tudo o que um casal pode desejar para se considerar feliz. Est\u00e3o bem empregados, t\u00eam uma filha linda e vivem em uma casa dos sonhos. Tudo parece estar dando certo para a fam\u00edlia que constru\u00edram. Mas as apar\u00eancias enganam: enquanto Tony se orgulha de seu \u00eaxito profissional e flerta com a tenta\u00e7\u00e3o, Elizabeth se isola e afunda cada vez mais na amargura. O para\u00edso est\u00e1 se desfazendo pouco a pouco, e ela j\u00e1 percebeu. A vida de ambos toma um rumo inesperado quando Elizabeth conhece Clara, uma senhora que mant\u00e9m em casa um recinto especialmente destinado \u00e0 ora\u00e7\u00e3o e \u00e0 intercess\u00e3o, chamado por ela de &#8220;quarto de guerra&#8221;. Clara desafia Elizabeth a fazer o mesmo e a tra\u00e7ar um plano de ora\u00e7\u00e3o por sua fam\u00edlia. \u00c9 a partir desse momento que uma batalha tem in\u00edcio. Com personagens com os quais milh\u00f5es de pessoas se identificam, Quarto de guerra mostra como a ora\u00e7\u00e3o \u00e9 poderosa para mobilizar o mundo espiritual. O filme no qual o livro se baseia foi um grande sucesso nos Estados Unidos, onde chegou ao segundo lugar de bilheteria na semana de lan\u00e7amento, sendo exibido logo em seguida em diversas salas de cinema do Brasil.<\/p>\n","protected":false},"excerpt":{"rendered":"<p>A ora\u00e7\u00e3o \u00e9 uma arma poderosa na batalha espiritual Baseado no roteiro original de Alex Kendrick &amp; Stephen Kendrick NAQUELE&hellip;<\/p>\n","protected":false},"featured_media":347085,"comment_status":"open","ping_status":"closed","template":"","meta":[],"product_cat":[162,134],"product_tag":[],"_links":{"self":[{"href":"https:\/\/www.livrariarema.com.br\/loja\/wp-json\/wp\/v2\/product\/52174"}],"collection":[{"href":"https:\/\/www.livrariarema.com.br\/loja\/wp-json\/wp\/v2\/product"}],"about":[{"href":"https:\/\/www.livrariarema.com.br\/loja\/wp-json\/wp\/v2\/types\/product"}],"replies":[{"embeddable":true,"href":"https:\/\/www.livrariarema.com.br\/loja\/wp-json\/wp\/v2\/comments?post=52174"}],"wp:featuredmedia":[{"embeddable":true,"href":"https:\/\/www.livrariarema.com.br\/loja\/wp-json\/wp\/v2\/media\/347085"}],"wp:attachment":[{"href":"https:\/\/www.livrariarema.com.br\/loja\/wp-json\/wp\/v2\/media?parent=52174"}],"wp:term":[{"taxonomy":"product_cat","embeddable":true,"href":"https:\/\/www.livrariarema.com.br\/loja\/wp-json\/wp\/v2\/product_cat?post=52174"},{"taxonomy":"product_tag","embeddable":true,"href":"https:\/\/www.livrariarema.com.br\/loja\/wp-json\/wp\/v2\/product_tag?post=52174"}],"curies":[{"name":"wp","href":"https:\/\/api.w.org\/{rel}","templated":true}]}}