{"id":52200,"date":"2021-01-21T16:53:00","date_gmt":"2021-01-21T19:53:00","guid":{"rendered":"https:\/\/www.livrariarema.com.br\/loja\/produtos\/sem%20categoria\/caridade-e-seus-frutos-jonathan-edwards\/"},"modified":"2026-03-16T13:35:50","modified_gmt":"2026-03-16T16:35:50","slug":"caridade-e-seus-frutos-jonathan-edwards","status":"publish","type":"product","link":"https:\/\/www.livrariarema.com.br\/loja\/produtos\/promocao\/livros-promocao\/caridade-e-seus-frutos-jonathan-edwards\/","title":{"rendered":"Caridade E Seus Frutos &#8211; Jonathan Edwards"},"content":{"rendered":"<p>Originalmente uma s\u00e9rie de serm\u00f5es, Caridade e Seus Frutos tornou-se uma obra cl\u00e1ssica e das mais importantes de Jonathan Edwards. Nela, temos uma cuidadosa, detalhada e tocante exposi\u00e7\u00e3o de 1 Cor\u00edntios 13, onde Edwards apresenta a mais nobre, sublime e excelente virtude que o ser humano pode experimentar e praticar: o amor. Ele demonstra o que \u00e9 o verdadeiro amor crist\u00e3o e como viv\u00ea-lo.<\/p>\n<p>Um livro para todos, em todos os lugares e em todos os tempos. <\/p>\n","protected":false},"excerpt":{"rendered":"<p>Originalmente uma s\u00e9rie de serm\u00f5es, Caridade e Seus Frutos tornou-se uma obra cl\u00e1ssica e das mais importantes de Jonathan Edwards.&hellip;<\/p>\n","protected":false},"featured_media":346339,"comment_status":"open","ping_status":"closed","template":"","meta":[],"product_cat":[143,142],"product_tag":[],"_links":{"self":[{"href":"https:\/\/www.livrariarema.com.br\/loja\/wp-json\/wp\/v2\/product\/52200"}],"collection":[{"href":"https:\/\/www.livrariarema.com.br\/loja\/wp-json\/wp\/v2\/product"}],"about":[{"href":"https:\/\/www.livrariarema.com.br\/loja\/wp-json\/wp\/v2\/types\/product"}],"replies":[{"embeddable":true,"href":"https:\/\/www.livrariarema.com.br\/loja\/wp-json\/wp\/v2\/comments?post=52200"}],"wp:featuredmedia":[{"embeddable":true,"href":"https:\/\/www.livrariarema.com.br\/loja\/wp-json\/wp\/v2\/media\/346339"}],"wp:attachment":[{"href":"https:\/\/www.livrariarema.com.br\/loja\/wp-json\/wp\/v2\/media?parent=52200"}],"wp:term":[{"taxonomy":"product_cat","embeddable":true,"href":"https:\/\/www.livrariarema.com.br\/loja\/wp-json\/wp\/v2\/product_cat?post=52200"},{"taxonomy":"product_tag","embeddable":true,"href":"https:\/\/www.livrariarema.com.br\/loja\/wp-json\/wp\/v2\/product_tag?post=52200"}],"curies":[{"name":"wp","href":"https:\/\/api.w.org\/{rel}","templated":true}]}}