{"id":52202,"date":"2021-01-21T16:53:04","date_gmt":"2021-01-21T19:53:04","guid":{"rendered":"https:\/\/www.livrariarema.com.br\/loja\/produtos\/sem%20categoria\/trelica-e-a-videira-a-colin-marshall\/"},"modified":"2026-03-16T13:35:56","modified_gmt":"2026-03-16T16:35:56","slug":"trelica-e-a-videira-a-colin-marshall","status":"publish","type":"product","link":"https:\/\/www.livrariarema.com.br\/loja\/produtos\/livros\/ministerio\/trelica-e-a-videira-a-colin-marshall\/","title":{"rendered":"Treli\u00e7a E A Videira, A &#8211; Colin Marshall"},"content":{"rendered":"<p>Fruto de 25 anos de trabalho, este livro esbo\u00e7a como trabalhar de perto com as pessoas, torn\u00e1-las disc\u00edpulos, ajud\u00e1-las a crescer e a florescer no minist\u00e9rio do evangelho e ficar ao lado delas em longo prazo.<\/p>\n","protected":false},"excerpt":{"rendered":"<p>Fruto de 25 anos de trabalho, este livro esbo\u00e7a como trabalhar de perto com as pessoas, torn\u00e1-las disc\u00edpulos, ajud\u00e1-las a&hellip;<\/p>\n","protected":false},"featured_media":346340,"comment_status":"open","ping_status":"closed","template":"","meta":[],"product_cat":[134,148],"product_tag":[],"_links":{"self":[{"href":"https:\/\/www.livrariarema.com.br\/loja\/wp-json\/wp\/v2\/product\/52202"}],"collection":[{"href":"https:\/\/www.livrariarema.com.br\/loja\/wp-json\/wp\/v2\/product"}],"about":[{"href":"https:\/\/www.livrariarema.com.br\/loja\/wp-json\/wp\/v2\/types\/product"}],"replies":[{"embeddable":true,"href":"https:\/\/www.livrariarema.com.br\/loja\/wp-json\/wp\/v2\/comments?post=52202"}],"wp:featuredmedia":[{"embeddable":true,"href":"https:\/\/www.livrariarema.com.br\/loja\/wp-json\/wp\/v2\/media\/346340"}],"wp:attachment":[{"href":"https:\/\/www.livrariarema.com.br\/loja\/wp-json\/wp\/v2\/media?parent=52202"}],"wp:term":[{"taxonomy":"product_cat","embeddable":true,"href":"https:\/\/www.livrariarema.com.br\/loja\/wp-json\/wp\/v2\/product_cat?post=52202"},{"taxonomy":"product_tag","embeddable":true,"href":"https:\/\/www.livrariarema.com.br\/loja\/wp-json\/wp\/v2\/product_tag?post=52202"}],"curies":[{"name":"wp","href":"https:\/\/api.w.org\/{rel}","templated":true}]}}