{"id":52222,"date":"2021-01-21T16:53:43","date_gmt":"2021-01-21T19:53:43","guid":{"rendered":"https:\/\/www.livrariarema.com.br\/loja\/produtos\/sem%20categoria\/peregrino-o-john-bunyan\/"},"modified":"2026-03-28T11:40:36","modified_gmt":"2026-03-28T14:40:36","slug":"peregrino-o-john-bunyan","status":"publish","type":"product","link":"https:\/\/www.livrariarema.com.br\/loja\/produtos\/livros\/ficcao\/peregrino-o-john-bunyan\/","title":{"rendered":"Peregrino, O &#8211; John Bunyan"},"content":{"rendered":"<p>Neste livro, Bunyan narra a viagem de Crist\u00e3o, um peregrino espiritualmente abatido que viaja rumo a Cidade Celestial.O Peregrino inicia com um poema no qual descreve os motivos para o livro e a raz\u00e3o de usar formas aleg\u00f3ricas (semelhante aos autos do teatro medieval) para contar a aventura do viajante que se encontra com personagens de carne e osso, mas que possuem nomes simb\u00f3licos que remetem ao evangelho de Jesus Cristo, como Evangelista, Adula\u00e7\u00e3o, Malicia, Apoliom e Vigil\u00e2ncia. Um cl\u00e1ssico crist\u00e3o que ainda hoje tem um importante papel como guia sobre a perseveran\u00e7a em meio a dificuldades.<\/p>\n","protected":false},"excerpt":{"rendered":"<p>Neste livro, Bunyan narra a viagem de Crist\u00e3o, um peregrino espiritualmente abatido que viaja rumo a Cidade Celestial.O Peregrino inicia&hellip;<\/p>\n","protected":false},"featured_media":346725,"comment_status":"open","ping_status":"closed","template":"","meta":[],"product_cat":[162,134],"product_tag":[],"_links":{"self":[{"href":"https:\/\/www.livrariarema.com.br\/loja\/wp-json\/wp\/v2\/product\/52222"}],"collection":[{"href":"https:\/\/www.livrariarema.com.br\/loja\/wp-json\/wp\/v2\/product"}],"about":[{"href":"https:\/\/www.livrariarema.com.br\/loja\/wp-json\/wp\/v2\/types\/product"}],"replies":[{"embeddable":true,"href":"https:\/\/www.livrariarema.com.br\/loja\/wp-json\/wp\/v2\/comments?post=52222"}],"wp:featuredmedia":[{"embeddable":true,"href":"https:\/\/www.livrariarema.com.br\/loja\/wp-json\/wp\/v2\/media\/346725"}],"wp:attachment":[{"href":"https:\/\/www.livrariarema.com.br\/loja\/wp-json\/wp\/v2\/media?parent=52222"}],"wp:term":[{"taxonomy":"product_cat","embeddable":true,"href":"https:\/\/www.livrariarema.com.br\/loja\/wp-json\/wp\/v2\/product_cat?post=52222"},{"taxonomy":"product_tag","embeddable":true,"href":"https:\/\/www.livrariarema.com.br\/loja\/wp-json\/wp\/v2\/product_tag?post=52222"}],"curies":[{"name":"wp","href":"https:\/\/api.w.org\/{rel}","templated":true}]}}