{"id":52277,"date":"2021-01-21T16:56:23","date_gmt":"2021-01-21T19:56:23","guid":{"rendered":"https:\/\/www.livrariarema.com.br\/loja\/produtos\/sem%20categoria\/ra065tilgi-biblia-letra-gigante-c-indice-triotone-azul\/"},"modified":"2025-09-16T14:44:25","modified_gmt":"2025-09-16T17:44:25","slug":"ra065tilgi-biblia-letra-gigante-c-indice-triotone-azul","status":"publish","type":"product","link":"https:\/\/www.livrariarema.com.br\/loja\/produtos\/biblias\/revista-atualizada\/ra065tilgi-biblia-letra-gigante-c-indice-triotone-azul\/","title":{"rendered":"Ra065tilgi &#8211; B\u00edblia Letra Gigante &#8211; C\/ \u00cdndice &#8211; Triotone Azul"},"content":{"rendered":"<p>Com formato mais compacto, a Biblia Sagrada \u00e9 uma edi\u00e7\u00e3o de acabamento luxo. Cont\u00e9m um conjunto de recursos como \u00edndice colorido e o \u00edndice padr\u00e3o, letra gigante que oferece mais conforto ao leitor e tr\u00eas op\u00e7\u00f5es de capas mais atuais e modernas.<\/p>\n<p><b>Recursos:<\/b><\/p>\n<p>&#8211; O que a B\u00edblia diz sobre o perd\u00e3o de Deus<br \/>\n&#8211; Tabelas de pesos<br \/>\n&#8211; Notas e refer\u00eancias b\u00edblicas<br \/>\n&#8211; Como encontrar ajuda na B\u00edblia<br \/>\n&#8211; Leituras para dias especiais<\/p>\n","protected":false},"excerpt":{"rendered":"<p>Com formato mais compacto, a Biblia Sagrada \u00e9 uma edi\u00e7\u00e3o de acabamento luxo. Cont\u00e9m um conjunto de recursos como \u00edndice&hellip;<\/p>\n","protected":false},"featured_media":336699,"comment_status":"open","ping_status":"closed","template":"","meta":[],"product_cat":[139,173],"product_tag":[],"_links":{"self":[{"href":"https:\/\/www.livrariarema.com.br\/loja\/wp-json\/wp\/v2\/product\/52277"}],"collection":[{"href":"https:\/\/www.livrariarema.com.br\/loja\/wp-json\/wp\/v2\/product"}],"about":[{"href":"https:\/\/www.livrariarema.com.br\/loja\/wp-json\/wp\/v2\/types\/product"}],"replies":[{"embeddable":true,"href":"https:\/\/www.livrariarema.com.br\/loja\/wp-json\/wp\/v2\/comments?post=52277"}],"wp:featuredmedia":[{"embeddable":true,"href":"https:\/\/www.livrariarema.com.br\/loja\/wp-json\/wp\/v2\/media\/336699"}],"wp:attachment":[{"href":"https:\/\/www.livrariarema.com.br\/loja\/wp-json\/wp\/v2\/media?parent=52277"}],"wp:term":[{"taxonomy":"product_cat","embeddable":true,"href":"https:\/\/www.livrariarema.com.br\/loja\/wp-json\/wp\/v2\/product_cat?post=52277"},{"taxonomy":"product_tag","embeddable":true,"href":"https:\/\/www.livrariarema.com.br\/loja\/wp-json\/wp\/v2\/product_tag?post=52277"}],"curies":[{"name":"wp","href":"https:\/\/api.w.org\/{rel}","templated":true}]}}