{"id":52324,"date":"2021-01-21T16:57:28","date_gmt":"2021-01-21T19:57:28","guid":{"rendered":"https:\/\/www.livrariarema.com.br\/loja\/produtos\/sem%20categoria\/lider-emocionalmente-saudavel-o-peter-scazzero\/"},"modified":"2026-03-13T16:46:32","modified_gmt":"2026-03-13T19:46:32","slug":"lider-emocionalmente-saudavel-o-peter-scazzero","status":"publish","type":"product","link":"https:\/\/www.livrariarema.com.br\/loja\/produtos\/livros\/lideranca\/lider-emocionalmente-saudavel-o-peter-scazzero\/","title":{"rendered":"L\u00edder Emocionalmente Saud\u00e1vel, O &#8211; Peter Scazzero"},"content":{"rendered":"<p>Em O l\u00edder emocionalmente saud\u00e1vel, o premiado autor Peter Scazzero mostra aos l\u00edderes como desenvolver uma profunda vida interior examinando suas implica\u00e7\u00f5es com rela\u00e7\u00e3o ao planejamento e tomada de decis\u00e3o, forma\u00e7\u00e3o de equipes, criar cultura saud\u00e1vel, influenciar outras pessoas, e muito mais.<\/p>\n<p>&#8211; Avalia\u00e7\u00f5es concisas para l\u00edderes e equipes medirem a sa\u00fade de sua lideran\u00e7a <br \/>\n&#8211; Estrat\u00e9gias pr\u00e1ticas e comprovadas desenvolvidas por um per\u00edodo de mais de 28 anos tanto na igreja local como no preparo de l\u00edderes no mundo todo <br \/>\n&#8211; Exemplos pr\u00e1ticos de como enfrentar sua sombra, desfrutar seu casamento ou vida de solteiro, reduzir o ritmo e aceitar os finais em favor de novos come\u00e7os<\/p>\n<p>Um recurso extraordin\u00e1rio com ideias exequ\u00edveis, pragm\u00e1ticas, revolucion\u00e1rias em sua abordagem, tocando as dores mais profundas da lideran\u00e7a com b\u00e1lsamo para a alma.<br \/> <br \/>\n&#8211; Bispo T. D. Jakes Sr., TDJ Enterprises, New York Times autor best seller<\/p>\n<p>Peter Scazzero \u00e9 uma das autoridades mundiais sobre sa\u00fade emocional [&#8230;] oferecendo nova esperan\u00e7a a qualquer um que busque crescer e se desenvolver como l\u00edder. <br \/>\n&#8211; Nicky Gumbel, Holy Trinity Bromptom, UK; pioneiro do curso Alpha<\/p>\n<p>Profundamente \u00fatil, perspicaz e com not\u00e1vel honestidade, Pete nos inspira a apresentar nossos egos \u00e0s comunidades \u00e0s quais servimos para a gl\u00f3ria de Deus.<br \/> <br \/>\n&#8211; Dra. Ruth Haley Barton, fundadora e presidente do Transforming Center e autora de Strengthening the Soul of Your Leadership<\/p>\n<p>O l\u00edder emocionalmente saud\u00e1vel oferece uma integra\u00e7\u00e3o \u00fanica, inovadora que liga nossa vida espiritual interna com tarefas fundamentais de lideran\u00e7a, tais como planejamento, tomada de decis\u00e3o, forma\u00e7\u00e3o de equipes, estabelecimento de limites, administra\u00e7\u00e3o de rela\u00e7\u00f5es complexas, exerc\u00edcio do poder e aceita\u00e7\u00e3o de t\u00e9rminos em favor de novos come\u00e7os. <\/p>\n<p>Escrito para pastores, funcion\u00e1rios da igreja, presb\u00edteros\/di\u00e1conos, membros do conselho, grupos pequenos e l\u00edderes de minist\u00e9rio, l\u00edderes denominacionais ou n\u00e3o, mission\u00e1rios e l\u00edderes empresariais, este livro eficaz oferece uma nova e completa maneira de ver a si mesmo como l\u00edder e tamb\u00e9m uma forma radicalmente nova de liderar.<\/p>\n","protected":false},"excerpt":{"rendered":"<p>Em O l\u00edder emocionalmente saud\u00e1vel, o premiado autor Peter Scazzero mostra aos l\u00edderes como desenvolver uma profunda vida interior examinando&hellip;<\/p>\n","protected":false},"featured_media":346076,"comment_status":"open","ping_status":"closed","template":"","meta":[],"product_cat":[153,134],"product_tag":[],"_links":{"self":[{"href":"https:\/\/www.livrariarema.com.br\/loja\/wp-json\/wp\/v2\/product\/52324"}],"collection":[{"href":"https:\/\/www.livrariarema.com.br\/loja\/wp-json\/wp\/v2\/product"}],"about":[{"href":"https:\/\/www.livrariarema.com.br\/loja\/wp-json\/wp\/v2\/types\/product"}],"replies":[{"embeddable":true,"href":"https:\/\/www.livrariarema.com.br\/loja\/wp-json\/wp\/v2\/comments?post=52324"}],"wp:featuredmedia":[{"embeddable":true,"href":"https:\/\/www.livrariarema.com.br\/loja\/wp-json\/wp\/v2\/media\/346076"}],"wp:attachment":[{"href":"https:\/\/www.livrariarema.com.br\/loja\/wp-json\/wp\/v2\/media?parent=52324"}],"wp:term":[{"taxonomy":"product_cat","embeddable":true,"href":"https:\/\/www.livrariarema.com.br\/loja\/wp-json\/wp\/v2\/product_cat?post=52324"},{"taxonomy":"product_tag","embeddable":true,"href":"https:\/\/www.livrariarema.com.br\/loja\/wp-json\/wp\/v2\/product_tag?post=52324"}],"curies":[{"name":"wp","href":"https:\/\/api.w.org\/{rel}","templated":true}]}}