{"id":52340,"date":"2021-01-21T16:57:59","date_gmt":"2021-01-21T19:57:59","guid":{"rendered":"https:\/\/www.livrariarema.com.br\/loja\/produtos\/sem%20categoria\/ministerios-de-misericordia-timothy-keller\/"},"modified":"2026-04-04T13:00:58","modified_gmt":"2026-04-04T16:00:58","slug":"ministerios-de-misericordia-timothy-keller","status":"publish","type":"product","link":"https:\/\/www.livrariarema.com.br\/loja\/produtos\/livros\/ministerio\/ministerios-de-misericordia-timothy-keller\/","title":{"rendered":"Minist\u00e9rios De Misericordia &#8211; Timothy Keller"},"content":{"rendered":"<p>Por que algu\u00e9m arriscaria a pr\u00f3pria seguran\u00e7a, cancelaria a agenda, gastaria suas economias e ficaria todo sujo de terra e sangue para ajudar uma pessoa de outra ra\u00e7a e classe social?<\/p>\n<p>E por que Jesus nos diz: &#8220;Vai e faze o mesmo&#8221; (Lc 10.37)?<\/p>\n<p>O Bom Samaritano n\u00e3o ignorou o homem espancado na estrada de Jeric\u00f3. Assim como ele, tomamos ci\u00eancia de pessoas necessitadas \u00e0 nossa volta: a vi\u00fava que mora ao lado, a fam\u00edlia afundada em d\u00edvidas m\u00e9dicas, o sem-teto que fica do lado de fora da igreja. Deus nos chama a ajud\u00e1-los, precisem eles de abrigo, assist\u00eancia, cuidados m\u00e9dicos ou simplesmente amizade.<\/p>\n<p>Tim Keller mostra que cuidar dessas pessoas \u00e9 tarefa de todo crist\u00e3o, tarefa t\u00e3o fundamental ao crist\u00e3o quanto o evangelismo, o discipulado e a adora\u00e7\u00e3o. Mas Keller n\u00e3o para por a\u00ed. Ele ensina de que maneira podemos realizar esse minist\u00e9rio vital como indiv\u00edduos, fam\u00edlias e igrejas.<\/p>\n<p>Ao final, cada cap\u00edtulo oferece perguntas para debate e aplica\u00e7\u00e3o.<\/p>\n","protected":false},"excerpt":{"rendered":"<p>Por que algu\u00e9m arriscaria a pr\u00f3pria seguran\u00e7a, cancelaria a agenda, gastaria suas economias e ficaria todo sujo de terra e&hellip;<\/p>\n","protected":false},"featured_media":345041,"comment_status":"open","ping_status":"closed","template":"","meta":[],"product_cat":[134,148],"product_tag":[],"_links":{"self":[{"href":"https:\/\/www.livrariarema.com.br\/loja\/wp-json\/wp\/v2\/product\/52340"}],"collection":[{"href":"https:\/\/www.livrariarema.com.br\/loja\/wp-json\/wp\/v2\/product"}],"about":[{"href":"https:\/\/www.livrariarema.com.br\/loja\/wp-json\/wp\/v2\/types\/product"}],"replies":[{"embeddable":true,"href":"https:\/\/www.livrariarema.com.br\/loja\/wp-json\/wp\/v2\/comments?post=52340"}],"wp:featuredmedia":[{"embeddable":true,"href":"https:\/\/www.livrariarema.com.br\/loja\/wp-json\/wp\/v2\/media\/345041"}],"wp:attachment":[{"href":"https:\/\/www.livrariarema.com.br\/loja\/wp-json\/wp\/v2\/media?parent=52340"}],"wp:term":[{"taxonomy":"product_cat","embeddable":true,"href":"https:\/\/www.livrariarema.com.br\/loja\/wp-json\/wp\/v2\/product_cat?post=52340"},{"taxonomy":"product_tag","embeddable":true,"href":"https:\/\/www.livrariarema.com.br\/loja\/wp-json\/wp\/v2\/product_tag?post=52340"}],"curies":[{"name":"wp","href":"https:\/\/api.w.org\/{rel}","templated":true}]}}