{"id":52385,"date":"2021-01-21T16:58:58","date_gmt":"2021-01-21T19:58:58","guid":{"rendered":"https:\/\/www.livrariarema.com.br\/loja\/produtos\/sem%20categoria\/ra085tilexglv-biblia-letra-extragigante-rosa-vinho\/"},"modified":"2026-02-12T15:21:48","modified_gmt":"2026-02-12T18:21:48","slug":"ra085tilexglv-biblia-letra-extragigante-rosa-vinho","status":"publish","type":"product","link":"https:\/\/www.livrariarema.com.br\/loja\/produtos\/biblias\/revista-atualizada\/ra085tilexglv-biblia-letra-extragigante-rosa-vinho\/","title":{"rendered":"Ra085tilexglv &#8211; Biblia Letra Extragigante &#8211; Rosa\/Vinho"},"content":{"rendered":"<p>Esta edi\u00e7\u00e3o da B\u00edblia Sagrada traz as Palavras de Jesus destacadas em vermelho, possui letras extragigantes que proporcionam mais conforto \u00e0 leitura da Palavra de Deus e \u00edndice digital que auxilia a busca dos livros b\u00edblicos.<\/p>\n","protected":false},"excerpt":{"rendered":"<p>Esta edi\u00e7\u00e3o da B\u00edblia Sagrada traz as Palavras de Jesus destacadas em vermelho, possui letras extragigantes que proporcionam mais conforto&hellip;<\/p>\n","protected":false},"featured_media":339425,"comment_status":"open","ping_status":"closed","template":"","meta":[],"product_cat":[139,173],"product_tag":[],"_links":{"self":[{"href":"https:\/\/www.livrariarema.com.br\/loja\/wp-json\/wp\/v2\/product\/52385"}],"collection":[{"href":"https:\/\/www.livrariarema.com.br\/loja\/wp-json\/wp\/v2\/product"}],"about":[{"href":"https:\/\/www.livrariarema.com.br\/loja\/wp-json\/wp\/v2\/types\/product"}],"replies":[{"embeddable":true,"href":"https:\/\/www.livrariarema.com.br\/loja\/wp-json\/wp\/v2\/comments?post=52385"}],"wp:featuredmedia":[{"embeddable":true,"href":"https:\/\/www.livrariarema.com.br\/loja\/wp-json\/wp\/v2\/media\/339425"}],"wp:attachment":[{"href":"https:\/\/www.livrariarema.com.br\/loja\/wp-json\/wp\/v2\/media?parent=52385"}],"wp:term":[{"taxonomy":"product_cat","embeddable":true,"href":"https:\/\/www.livrariarema.com.br\/loja\/wp-json\/wp\/v2\/product_cat?post=52385"},{"taxonomy":"product_tag","embeddable":true,"href":"https:\/\/www.livrariarema.com.br\/loja\/wp-json\/wp\/v2\/product_tag?post=52385"}],"curies":[{"name":"wp","href":"https:\/\/api.w.org\/{rel}","templated":true}]}}