{"id":52435,"date":"2021-01-21T16:59:44","date_gmt":"2021-01-21T19:59:44","guid":{"rendered":"https:\/\/www.livrariarema.com.br\/loja\/produtos\/sem categoria\/hora-de-pintar-a-biblia-o-comeco\/"},"modified":"2021-01-21T16:59:44","modified_gmt":"2021-01-21T19:59:44","slug":"hora-de-pintar-a-biblia-o-comeco","status":"publish","type":"product","link":"https:\/\/www.livrariarema.com.br\/loja\/produtos\/livros\/infantil\/hora-de-pintar-a-biblia-o-comeco\/","title":{"rendered":"HORA DE PINTAR A B\u00cdBLIA &#8211; O COME\u00c7O"},"content":{"rendered":"<p>Solte a imagina\u00e7\u00e3o e use a criatividade para colorir as mais emocionantes<\/p>\n","protected":false},"excerpt":{"rendered":"<p>Solte a imagina\u00e7\u00e3o e use a criatividade para colorir as mais emocionantes<\/p>\n","protected":false},"featured_media":52434,"comment_status":"open","ping_status":"closed","template":"","meta":[],"product_cat":[144,134],"product_tag":[],"_links":{"self":[{"href":"https:\/\/www.livrariarema.com.br\/loja\/wp-json\/wp\/v2\/product\/52435"}],"collection":[{"href":"https:\/\/www.livrariarema.com.br\/loja\/wp-json\/wp\/v2\/product"}],"about":[{"href":"https:\/\/www.livrariarema.com.br\/loja\/wp-json\/wp\/v2\/types\/product"}],"replies":[{"embeddable":true,"href":"https:\/\/www.livrariarema.com.br\/loja\/wp-json\/wp\/v2\/comments?post=52435"}],"wp:featuredmedia":[{"embeddable":true,"href":"https:\/\/www.livrariarema.com.br\/loja\/wp-json\/wp\/v2\/media\/52434"}],"wp:attachment":[{"href":"https:\/\/www.livrariarema.com.br\/loja\/wp-json\/wp\/v2\/media?parent=52435"}],"wp:term":[{"taxonomy":"product_cat","embeddable":true,"href":"https:\/\/www.livrariarema.com.br\/loja\/wp-json\/wp\/v2\/product_cat?post=52435"},{"taxonomy":"product_tag","embeddable":true,"href":"https:\/\/www.livrariarema.com.br\/loja\/wp-json\/wp\/v2\/product_tag?post=52435"}],"curies":[{"name":"wp","href":"https:\/\/api.w.org\/{rel}","templated":true}]}}