{"id":52439,"date":"2021-01-21T16:59:48","date_gmt":"2021-01-21T19:59:48","guid":{"rendered":"https:\/\/www.livrariarema.com.br\/loja\/produtos\/sem categoria\/hora-de-pintar-a-biblia-a-descendencia-de-abraao\/"},"modified":"2022-02-07T13:23:07","modified_gmt":"2022-02-07T16:23:07","slug":"hora-de-pintar-a-biblia-a-descendencia-de-abraao","status":"publish","type":"product","link":"https:\/\/www.livrariarema.com.br\/loja\/produtos\/livros\/infantil\/hora-de-pintar-a-biblia-a-descendencia-de-abraao\/","title":{"rendered":"HORA DE PINTAR A B\u00cdBLIA &#8211; A DESCEND\u00caNCIA DE ABRA\u00c3O"},"content":{"rendered":"<p>Solte a imagina\u00e7\u00e3o, use a criatividade, e vamos colorir!<\/p>\n","protected":false},"excerpt":{"rendered":"<p>Solte a imagina\u00e7\u00e3o, use a criatividade, e vamos colorir!<\/p>\n","protected":false},"featured_media":139446,"comment_status":"open","ping_status":"closed","template":"","meta":[],"product_cat":[144,134],"product_tag":[],"_links":{"self":[{"href":"https:\/\/www.livrariarema.com.br\/loja\/wp-json\/wp\/v2\/product\/52439"}],"collection":[{"href":"https:\/\/www.livrariarema.com.br\/loja\/wp-json\/wp\/v2\/product"}],"about":[{"href":"https:\/\/www.livrariarema.com.br\/loja\/wp-json\/wp\/v2\/types\/product"}],"replies":[{"embeddable":true,"href":"https:\/\/www.livrariarema.com.br\/loja\/wp-json\/wp\/v2\/comments?post=52439"}],"wp:featuredmedia":[{"embeddable":true,"href":"https:\/\/www.livrariarema.com.br\/loja\/wp-json\/wp\/v2\/media\/139446"}],"wp:attachment":[{"href":"https:\/\/www.livrariarema.com.br\/loja\/wp-json\/wp\/v2\/media?parent=52439"}],"wp:term":[{"taxonomy":"product_cat","embeddable":true,"href":"https:\/\/www.livrariarema.com.br\/loja\/wp-json\/wp\/v2\/product_cat?post=52439"},{"taxonomy":"product_tag","embeddable":true,"href":"https:\/\/www.livrariarema.com.br\/loja\/wp-json\/wp\/v2\/product_tag?post=52439"}],"curies":[{"name":"wp","href":"https:\/\/api.w.org\/{rel}","templated":true}]}}