{"id":52488,"date":"2021-01-21T17:00:44","date_gmt":"2021-01-21T20:00:44","guid":{"rendered":"https:\/\/www.livrariarema.com.br\/loja\/produtos\/sem%20categoria\/biblia-da-mulher-de-fe-nvi-sheila-walsh-rosa\/"},"modified":"2026-04-30T12:07:54","modified_gmt":"2026-04-30T15:07:54","slug":"biblia-da-mulher-de-fe-nvi-sheila-walsh-rosa","status":"publish","type":"product","link":"https:\/\/www.livrariarema.com.br\/loja\/produtos\/biblias\/estudo-feminina\/biblia-da-mulher-de-fe-nvi-sheila-walsh-rosa\/","title":{"rendered":"B\u00edblia Da Mulher De F\u00e9 &#8211; Nvi &#8211; Sheila Walsh &#8211; Rosa"},"content":{"rendered":"<p>A B\u00edblia da Mulher de F\u00e9 traz inspira\u00e7\u00e3o e recursos especiais para mulheres em busca de uma comunh\u00e3o di\u00e1ria com Deus e sua palavra.  A b\u00edblia possui notas e coment\u00e1rios exclusivos de uma das maiores vozes femininas crist\u00e3s do planeta, Sheila Walsh.<br \/>\nVeja alguns recursos:<br \/>\nS\u00e3o 366 devocionais com li\u00e7\u00f5es e conselhos valiosos.<br \/>\nEstudos das mais importantes escritoras crist\u00e3s como: Sheila Walsh, Mary Graham e Luci Swindoll.<br \/>\nEntre outros recursos.<\/p>\n","protected":false},"excerpt":{"rendered":"<p>A B\u00edblia da Mulher de F\u00e9 traz inspira\u00e7\u00e3o e recursos especiais para mulheres em busca de uma comunh\u00e3o di\u00e1ria com&hellip;<\/p>\n","protected":false},"featured_media":347841,"comment_status":"open","ping_status":"closed","template":"","meta":[],"product_cat":[139,175],"product_tag":[],"_links":{"self":[{"href":"https:\/\/www.livrariarema.com.br\/loja\/wp-json\/wp\/v2\/product\/52488"}],"collection":[{"href":"https:\/\/www.livrariarema.com.br\/loja\/wp-json\/wp\/v2\/product"}],"about":[{"href":"https:\/\/www.livrariarema.com.br\/loja\/wp-json\/wp\/v2\/types\/product"}],"replies":[{"embeddable":true,"href":"https:\/\/www.livrariarema.com.br\/loja\/wp-json\/wp\/v2\/comments?post=52488"}],"wp:featuredmedia":[{"embeddable":true,"href":"https:\/\/www.livrariarema.com.br\/loja\/wp-json\/wp\/v2\/media\/347841"}],"wp:attachment":[{"href":"https:\/\/www.livrariarema.com.br\/loja\/wp-json\/wp\/v2\/media?parent=52488"}],"wp:term":[{"taxonomy":"product_cat","embeddable":true,"href":"https:\/\/www.livrariarema.com.br\/loja\/wp-json\/wp\/v2\/product_cat?post=52488"},{"taxonomy":"product_tag","embeddable":true,"href":"https:\/\/www.livrariarema.com.br\/loja\/wp-json\/wp\/v2\/product_tag?post=52488"}],"curies":[{"name":"wp","href":"https:\/\/api.w.org\/{rel}","templated":true}]}}