{"id":52492,"date":"2021-01-21T17:00:53","date_gmt":"2021-01-21T20:00:53","guid":{"rendered":"https:\/\/www.livrariarema.com.br\/loja\/produtos\/sem%20categoria\/aventuras-da-princesinha-sheila-walsh\/"},"modified":"2026-02-25T16:46:56","modified_gmt":"2026-02-25T19:46:56","slug":"aventuras-da-princesinha-sheila-walsh","status":"publish","type":"product","link":"https:\/\/www.livrariarema.com.br\/loja\/produtos\/livros\/infantil\/aventuras-da-princesinha-sheila-walsh\/","title":{"rendered":"Aventuras Da Princesinha &#8211; Sheila Walsh"},"content":{"rendered":"<p>Um grande livro rosa, como toda princesinha iria querer! Acompanhe Gigi em todas as suas aventuras: Gigi, a princesinha de Deus, A festa do ch\u00e1 real, A bailarina rosa e Os P\u00f4neis P\u00farpuras. <br \/>\nDe leitura f\u00e1cil e com ilustra\u00e7\u00f5es bel\u00edssimas, Aventuras da princesinha de Deus \u00e9 um presente ideal para meninas em idade escolar. Suas hist\u00f3rias curtas transmitem verdades preciosas sobre a verdadeira identidade da filha de Deus e seu valor para o Rei.<\/p>\n","protected":false},"excerpt":{"rendered":"<p>Um grande livro rosa, como toda princesinha iria querer! Acompanhe Gigi em todas as suas aventuras: Gigi, a princesinha de&hellip;<\/p>\n","protected":false},"featured_media":345490,"comment_status":"open","ping_status":"closed","template":"","meta":[],"product_cat":[144,134],"product_tag":[],"_links":{"self":[{"href":"https:\/\/www.livrariarema.com.br\/loja\/wp-json\/wp\/v2\/product\/52492"}],"collection":[{"href":"https:\/\/www.livrariarema.com.br\/loja\/wp-json\/wp\/v2\/product"}],"about":[{"href":"https:\/\/www.livrariarema.com.br\/loja\/wp-json\/wp\/v2\/types\/product"}],"replies":[{"embeddable":true,"href":"https:\/\/www.livrariarema.com.br\/loja\/wp-json\/wp\/v2\/comments?post=52492"}],"wp:featuredmedia":[{"embeddable":true,"href":"https:\/\/www.livrariarema.com.br\/loja\/wp-json\/wp\/v2\/media\/345490"}],"wp:attachment":[{"href":"https:\/\/www.livrariarema.com.br\/loja\/wp-json\/wp\/v2\/media?parent=52492"}],"wp:term":[{"taxonomy":"product_cat","embeddable":true,"href":"https:\/\/www.livrariarema.com.br\/loja\/wp-json\/wp\/v2\/product_cat?post=52492"},{"taxonomy":"product_tag","embeddable":true,"href":"https:\/\/www.livrariarema.com.br\/loja\/wp-json\/wp\/v2\/product_tag?post=52492"}],"curies":[{"name":"wp","href":"https:\/\/api.w.org\/{rel}","templated":true}]}}