{"id":52498,"date":"2021-01-21T17:01:05","date_gmt":"2021-01-21T20:01:05","guid":{"rendered":"https:\/\/www.livrariarema.com.br\/loja\/produtos\/sem%20categoria\/ministerio-de-mulheres-gloria-furman-e-kathleen-nielson\/"},"modified":"2026-03-16T13:36:02","modified_gmt":"2026-03-16T16:36:02","slug":"ministerio-de-mulheres-gloria-furman-e-kathleen-nielson","status":"publish","type":"product","link":"https:\/\/www.livrariarema.com.br\/loja\/produtos\/promocao\/livros-promocao\/ministerio-de-mulheres-gloria-furman-e-kathleen-nielson\/","title":{"rendered":"Minist\u00e9rio De Mulheres &#8211; Gloria Furman E Kathleen Nielson"},"content":{"rendered":"<p>Um guia pr\u00e1tico para um minist\u00e9rio de mulheres centrado na Palavra.<\/p>\n<p>Este livro oferece uma discuss\u00e3o concisa sobre o minist\u00e9rio de mulheres. Ele n\u00e3o oferece uma f\u00f3rmula, mas sim um s\u00f3lido conjunto de indicadores b\u00edblicos para a estrada a ser percorrida no minist\u00e9rio de mulheres. As autoras estabelecem em Cristo o fundamento do minist\u00e9rio de mulheres, mostrando que o alvo n\u00e3o \u00e9 apenas que mulheres conhe\u00e7am e sirvam outras mulheres, mas, principalmente, que possam conhecer e servir ao Deus trino juntas.<\/p>\n","protected":false},"excerpt":{"rendered":"<p>Um guia pr\u00e1tico para um minist\u00e9rio de mulheres centrado na Palavra. Este livro oferece uma discuss\u00e3o concisa sobre o minist\u00e9rio&hellip;<\/p>\n","protected":false},"featured_media":346341,"comment_status":"open","ping_status":"closed","template":"","meta":[],"product_cat":[143,142],"product_tag":[],"_links":{"self":[{"href":"https:\/\/www.livrariarema.com.br\/loja\/wp-json\/wp\/v2\/product\/52498"}],"collection":[{"href":"https:\/\/www.livrariarema.com.br\/loja\/wp-json\/wp\/v2\/product"}],"about":[{"href":"https:\/\/www.livrariarema.com.br\/loja\/wp-json\/wp\/v2\/types\/product"}],"replies":[{"embeddable":true,"href":"https:\/\/www.livrariarema.com.br\/loja\/wp-json\/wp\/v2\/comments?post=52498"}],"wp:featuredmedia":[{"embeddable":true,"href":"https:\/\/www.livrariarema.com.br\/loja\/wp-json\/wp\/v2\/media\/346341"}],"wp:attachment":[{"href":"https:\/\/www.livrariarema.com.br\/loja\/wp-json\/wp\/v2\/media?parent=52498"}],"wp:term":[{"taxonomy":"product_cat","embeddable":true,"href":"https:\/\/www.livrariarema.com.br\/loja\/wp-json\/wp\/v2\/product_cat?post=52498"},{"taxonomy":"product_tag","embeddable":true,"href":"https:\/\/www.livrariarema.com.br\/loja\/wp-json\/wp\/v2\/product_tag?post=52498"}],"curies":[{"name":"wp","href":"https:\/\/api.w.org\/{rel}","templated":true}]}}