{"id":52517,"date":"2021-01-21T17:01:43","date_gmt":"2021-01-21T20:01:43","guid":{"rendered":"https:\/\/www.livrariarema.com.br\/loja\/produtos\/sem%20categoria\/colheita-de-rubis-tessa-afshar\/"},"modified":"2026-02-23T15:45:20","modified_gmt":"2026-02-23T18:45:20","slug":"colheita-de-rubis-tessa-afshar","status":"publish","type":"product","link":"https:\/\/www.livrariarema.com.br\/loja\/produtos\/livros\/romance\/colheita-de-rubis-tessa-afshar\/","title":{"rendered":"Colheita De Rubis &#8211; Tessa Afshar"},"content":{"rendered":"<p>A prima do profeta Neemias foi subtamente introduzida no meio da corte persa &#8211; trabalhando longas horas, tendo contato di\u00e1rio com a realeza e tornando-se a escriba favorita da rainha.<\/p>\n<p>Nada mau, para uma mulher que vivia num mundo de homens. Mas um passado devastador fez com que Sara acreditasse que Deus n\u00e3o a amava, e que as suas realiza\u00e7\u00f5es eram a medida do seu valor &#8211; uma medida que ela nunca conseguia corresponder.<\/p>\n<p>D\u00e1rio Pas\u00e1rgada estava acostumado a fazer tudo \u00e0 sua maneira. Um aristocrata rico e admirado, a \u00faltima coisa que ele esperava era um casamento arranjado com a escriba da rainha, uma mulher inteligente que o desprezava.<\/p>\n<p>Ser\u00e1 que duas pessoas diferentes podem ajudar uma a outra a vencer os \u00eddolos que as mant\u00eam cativas?<\/p>\n<p>Tessa Afshar nasceu em uma fam\u00edlia mu\u00e7ulmana, no Ir\u00e3, onde viveu seus primeiros 14 anos de vida. Depois do div\u00f3rcio de seus pais, Tessa, se mudou para a Inglaterra onde estudou em um col\u00e9gio interno s\u00f3 para meninas. Mais tarde, ela se mudou para os Estados Unidos, onde tem vivido a maior parte de sua vida, l\u00e1 ela se formou em Teologia pela Yale University.<\/p>\n","protected":false},"excerpt":{"rendered":"<p>A prima do profeta Neemias foi subtamente introduzida no meio da corte persa &#8211; trabalhando longas horas, tendo contato di\u00e1rio&hellip;<\/p>\n","protected":false},"featured_media":345180,"comment_status":"open","ping_status":"closed","template":"","meta":[],"product_cat":[134,182],"product_tag":[],"_links":{"self":[{"href":"https:\/\/www.livrariarema.com.br\/loja\/wp-json\/wp\/v2\/product\/52517"}],"collection":[{"href":"https:\/\/www.livrariarema.com.br\/loja\/wp-json\/wp\/v2\/product"}],"about":[{"href":"https:\/\/www.livrariarema.com.br\/loja\/wp-json\/wp\/v2\/types\/product"}],"replies":[{"embeddable":true,"href":"https:\/\/www.livrariarema.com.br\/loja\/wp-json\/wp\/v2\/comments?post=52517"}],"wp:featuredmedia":[{"embeddable":true,"href":"https:\/\/www.livrariarema.com.br\/loja\/wp-json\/wp\/v2\/media\/345180"}],"wp:attachment":[{"href":"https:\/\/www.livrariarema.com.br\/loja\/wp-json\/wp\/v2\/media?parent=52517"}],"wp:term":[{"taxonomy":"product_cat","embeddable":true,"href":"https:\/\/www.livrariarema.com.br\/loja\/wp-json\/wp\/v2\/product_cat?post=52517"},{"taxonomy":"product_tag","embeddable":true,"href":"https:\/\/www.livrariarema.com.br\/loja\/wp-json\/wp\/v2\/product_tag?post=52517"}],"curies":[{"name":"wp","href":"https:\/\/api.w.org\/{rel}","templated":true}]}}