{"id":52543,"date":"2021-01-21T17:07:05","date_gmt":"2021-01-21T20:07:05","guid":{"rendered":"https:\/\/www.livrariarema.com.br\/loja\/produtos\/sem%20categoria\/licoes-especiais-frederico-o-piao-cartazes\/"},"modified":"2024-11-12T17:19:20","modified_gmt":"2024-11-12T20:19:20","slug":"licoes-especiais-frederico-o-piao-cartazes","status":"publish","type":"product","link":"https:\/\/www.livrariarema.com.br\/loja\/produtos\/diversos\/flanelografo-e-cartazes\/licoes-especiais-frederico-o-piao-cartazes\/","title":{"rendered":"Li\u00e7\u00f5es Especiais &#8211; Frederico O Pi\u00e3o &#8211; Cartazes"},"content":{"rendered":"<p>Frederico era o pi\u00e3o de madeira de Pedro. Certo dia, quando Pedro ajudava sua m\u00e3e colocando lenha no fog\u00e3o, de repente viu algo bem familiar&#8230; era o Frederico. Num relance ele enfiou a m\u00e3o no meio das chamas e puxou o pi\u00e3o para fora do fogo. Sua m\u00e3o ficou ferida e do\u00eda muito, mas seu pi\u00e3o estava salvo.  Um dia Jesus, o Filho de Deus, teve suas m\u00e3os feridas, na cruz, para nos salvar dos pecados e da morte. Que grande o amor de Deus! Ao ressuscitar dentre os mortos, ele apareceu aos seus disc\u00edpulos e mostrou-lhes suas m\u00e3os feridas. Todos que creem em Jesus recebem da parte de Deus uma vida nova.<\/p>\n","protected":false},"excerpt":{"rendered":"<p>Frederico era o pi\u00e3o de madeira de Pedro. Certo dia, quando Pedro ajudava sua m\u00e3e colocando lenha no fog\u00e3o, de&hellip;<\/p>\n","protected":false},"featured_media":299190,"comment_status":"open","ping_status":"closed","template":"","meta":[],"product_cat":[132,133],"product_tag":[],"_links":{"self":[{"href":"https:\/\/www.livrariarema.com.br\/loja\/wp-json\/wp\/v2\/product\/52543"}],"collection":[{"href":"https:\/\/www.livrariarema.com.br\/loja\/wp-json\/wp\/v2\/product"}],"about":[{"href":"https:\/\/www.livrariarema.com.br\/loja\/wp-json\/wp\/v2\/types\/product"}],"replies":[{"embeddable":true,"href":"https:\/\/www.livrariarema.com.br\/loja\/wp-json\/wp\/v2\/comments?post=52543"}],"wp:featuredmedia":[{"embeddable":true,"href":"https:\/\/www.livrariarema.com.br\/loja\/wp-json\/wp\/v2\/media\/299190"}],"wp:attachment":[{"href":"https:\/\/www.livrariarema.com.br\/loja\/wp-json\/wp\/v2\/media?parent=52543"}],"wp:term":[{"taxonomy":"product_cat","embeddable":true,"href":"https:\/\/www.livrariarema.com.br\/loja\/wp-json\/wp\/v2\/product_cat?post=52543"},{"taxonomy":"product_tag","embeddable":true,"href":"https:\/\/www.livrariarema.com.br\/loja\/wp-json\/wp\/v2\/product_tag?post=52543"}],"curies":[{"name":"wp","href":"https:\/\/api.w.org\/{rel}","templated":true}]}}