{"id":52559,"date":"2021-01-21T17:07:36","date_gmt":"2021-01-21T20:07:36","guid":{"rendered":"https:\/\/www.livrariarema.com.br\/loja\/produtos\/sem%20categoria\/licoes-evangelisticas-primeiros-cristaos-cartazes\/"},"modified":"2023-06-16T12:55:22","modified_gmt":"2023-06-16T15:55:22","slug":"licoes-evangelisticas-primeiros-cristaos-cartazes","status":"publish","type":"product","link":"https:\/\/www.livrariarema.com.br\/loja\/produtos\/diversos\/flanelografo-e-cartazes\/licoes-evangelisticas-primeiros-cristaos-cartazes\/","title":{"rendered":"Li\u00e7\u00f5es Do Novo Testamento &#8211; Primeiros Crist\u00e3os &#8211; Cartazes"},"content":{"rendered":"<p>Com essas lindas hist\u00f3rias as crian\u00e7as se preparar\u00e3o para serem testemunhas de Cristo.<\/p>\n<p>5 Li\u00e7\u00f5es B\u00edblicas Evangel\u00edsticas para crian\u00e7as de 5 a 12 anos, com sugest\u00e3o de aplica\u00e7\u00e3o para crian\u00e7as em idade Pr\u00e9 Escolar:<\/p>\n<p>Planos de aulas completos que preparam as crian\u00e7as para serem testemunhas de Cristo. 6 Li\u00e7\u00f5es para crian\u00e7as de 5 a 12 anos:<\/p>\n<p>1) As Testemunhas &#8211; Maria Madalena (Ensino Principal &#8211; Voc\u00ea pode ser salvo porque Jesus morreu e ressuscitou por voc\u00ea)<br \/>\n2) O Poder de Deus para os Crist\u00e3os &#8211; Pentecostes (Ensino Principal &#8211; Confie no Espir\u00edto Santo para dar a voc\u00ea poder para testemunhar)<br \/>\n3) Deus Trabalha atrav\u00e9s dos Crist\u00e3os &#8211; Pedro, Jo\u00e3o e o Homem Coxo (Ensino Principal &#8211; Honre a Deus pelo que ele tem feito em sua vida)<br \/>\n4) Deus \u00e9 Desonrado por Crist\u00e3os Mentirosos &#8211; Ananias e Safira (Ensino Principal &#8211; N\u00e3o pense que voc\u00ea pode enganar a Deus e escapar de sua disciplina)<br \/>\n5) A Mensagem de Deus \u00e9 para Todos &#8211; Corn\u00e9lio, o centuri\u00e3o romano (Ensino Principal &#8211; Mostre o amor de Deus para todas as pessoas n\u00e3o importanto as diferen\u00e7as)<br \/>\n6) Os Filhos de Deus s\u00e3o Perseguidos &#8211; Pedro, Jo\u00e3o e Estev\u00e3o (Ensino Principal &#8211; Fale de Jesus, mesmo para aqueles que te perseguem)<\/p>\n<p>Inclui: Figuras em Cartazes (6 para cada li\u00e7\u00e3o) com os vers\u00edculos visualizados &#8211; Livro Roteiro &#8211; Tabela de Planejamento -Resumo de cada li\u00e7\u00e3o e Esbo\u00e7o &#8211; Ideia de programa de aula para 60 minutos &#8211; Como fazer a memoriza\u00e7\u00e3o de cada vers\u00edculo &#8211; Brincadeiras e perguntas para revis\u00e3o &#8211; Atividade de aprendizagem &#8211; Lembretes dos vers\u00edculos (itens reproduz\u00edveis) <\/p>\n","protected":false},"excerpt":{"rendered":"<p>Com essas lindas hist\u00f3rias as crian\u00e7as se preparar\u00e3o para serem testemunhas de Cristo. 5 Li\u00e7\u00f5es B\u00edblicas Evangel\u00edsticas para crian\u00e7as de&hellip;<\/p>\n","protected":false},"featured_media":238080,"comment_status":"open","ping_status":"closed","template":"","meta":[],"product_cat":[132,133],"product_tag":[],"_links":{"self":[{"href":"https:\/\/www.livrariarema.com.br\/loja\/wp-json\/wp\/v2\/product\/52559"}],"collection":[{"href":"https:\/\/www.livrariarema.com.br\/loja\/wp-json\/wp\/v2\/product"}],"about":[{"href":"https:\/\/www.livrariarema.com.br\/loja\/wp-json\/wp\/v2\/types\/product"}],"replies":[{"embeddable":true,"href":"https:\/\/www.livrariarema.com.br\/loja\/wp-json\/wp\/v2\/comments?post=52559"}],"wp:featuredmedia":[{"embeddable":true,"href":"https:\/\/www.livrariarema.com.br\/loja\/wp-json\/wp\/v2\/media\/238080"}],"wp:attachment":[{"href":"https:\/\/www.livrariarema.com.br\/loja\/wp-json\/wp\/v2\/media?parent=52559"}],"wp:term":[{"taxonomy":"product_cat","embeddable":true,"href":"https:\/\/www.livrariarema.com.br\/loja\/wp-json\/wp\/v2\/product_cat?post=52559"},{"taxonomy":"product_tag","embeddable":true,"href":"https:\/\/www.livrariarema.com.br\/loja\/wp-json\/wp\/v2\/product_tag?post=52559"}],"curies":[{"name":"wp","href":"https:\/\/api.w.org\/{rel}","templated":true}]}}