{"id":52714,"date":"2021-01-21T17:12:00","date_gmt":"2021-01-21T20:12:00","guid":{"rendered":"https:\/\/www.livrariarema.com.br\/loja\/produtos\/sem%20categoria\/obediencia-e-intimidade-devi-titus\/"},"modified":"2025-05-29T15:05:08","modified_gmt":"2025-05-29T18:05:08","slug":"obediencia-e-intimidade-devi-titus","status":"publish","type":"product","link":"https:\/\/www.livrariarema.com.br\/loja\/produtos\/livros\/crescimento-espiritual\/obediencia-e-intimidade-devi-titus\/","title":{"rendered":"Obedi\u00eancia E Intimidade &#8211; Devi Titus"},"content":{"rendered":"<p>Obedi\u00eancia e intimidade fala diretamente a quem busca alcan\u00e7ar uma vida plena como Jesus prometeu. E o caminho para viver segundo o cora\u00e7\u00e3o de Deus passa, impreterivelmente, pela obedi\u00eancia \u00e0 vontade do Criador.<Br><br \/>\n<Br><br \/>\n\u00c0 medida que lhe obedecemos, como consequ\u00eancia natural do amor que temos por ele, passo a passo crescemos em intimidade com Deus e experimentamos um relacionamento \u00fanico.<Br><br \/>\n<Br><br \/>\nMinha preciosa amiga e mentora, Devi Titus, com autoridade e un\u00e7\u00e3o peculiares, p\u00f5e em nossas m\u00e3os um precioso convite \u00e0 profundidade no relacionamento verdadeiro com o Pai e aponta uma jornada de genu\u00edna transforma\u00e7\u00e3o e obedi\u00eancia que flui dessa entrega e intimidade.<Br><br \/>\nHelena Tannure<Br><br \/>\nEscritora e conferencista<Br><br \/>\n<Br><br \/>\nEste livro traz uma mensagem important\u00edssima para a Igreja! O chamado \u00e0 intimidade, mesclado com a nossa resposta de obedi\u00eancia ao Senhor, \u00e9 poderoso, \u00e9 uma qu\u00edmica explosiva!<Br><br \/>\nLuciano Subir\u00e1<Br><br \/>\nPastor, escritor e conferencista<Br><\/p>\n","protected":false},"excerpt":{"rendered":"<p>Obedi\u00eancia e intimidade fala diretamente a quem busca alcan\u00e7ar uma vida plena como Jesus prometeu. E o caminho para viver&hellip;<\/p>\n","protected":false},"featured_media":331849,"comment_status":"open","ping_status":"closed","template":"","meta":[],"product_cat":[147,134],"product_tag":[],"_links":{"self":[{"href":"https:\/\/www.livrariarema.com.br\/loja\/wp-json\/wp\/v2\/product\/52714"}],"collection":[{"href":"https:\/\/www.livrariarema.com.br\/loja\/wp-json\/wp\/v2\/product"}],"about":[{"href":"https:\/\/www.livrariarema.com.br\/loja\/wp-json\/wp\/v2\/types\/product"}],"replies":[{"embeddable":true,"href":"https:\/\/www.livrariarema.com.br\/loja\/wp-json\/wp\/v2\/comments?post=52714"}],"wp:featuredmedia":[{"embeddable":true,"href":"https:\/\/www.livrariarema.com.br\/loja\/wp-json\/wp\/v2\/media\/331849"}],"wp:attachment":[{"href":"https:\/\/www.livrariarema.com.br\/loja\/wp-json\/wp\/v2\/media?parent=52714"}],"wp:term":[{"taxonomy":"product_cat","embeddable":true,"href":"https:\/\/www.livrariarema.com.br\/loja\/wp-json\/wp\/v2\/product_cat?post=52714"},{"taxonomy":"product_tag","embeddable":true,"href":"https:\/\/www.livrariarema.com.br\/loja\/wp-json\/wp\/v2\/product_tag?post=52714"}],"curies":[{"name":"wp","href":"https:\/\/api.w.org\/{rel}","templated":true}]}}