{"id":52753,"date":"2021-01-21T17:13:19","date_gmt":"2021-01-21T20:13:19","guid":{"rendered":"https:\/\/www.livrariarema.com.br\/loja\/produtos\/sem%20categoria\/parabolas-de-jesus-comentadas-por-john-macarthur-as-john-macarthur\/"},"modified":"2026-04-20T18:10:51","modified_gmt":"2026-04-20T21:10:51","slug":"parabolas-de-jesus-comentadas-por-john-macarthur-as-john-macarthur","status":"publish","type":"product","link":"https:\/\/www.livrariarema.com.br\/loja\/produtos\/livros\/doutrinas-biblicas\/parabolas-de-jesus-comentadas-por-john-macarthur-as-john-macarthur\/","title":{"rendered":"Par\u00e1bolas De Jesus Comentadas Por John Macarthur, As &#8211; John Macarthur"},"content":{"rendered":"<p>A atualidade das hist\u00f3rias eternas de Jesus<\/p>\n<p>Ningu\u00e9m contava hist\u00f3rias como Jesus. Seus enredos eram ao mesmo tempo simples e profundos. N\u00e3o serviam apenas para entreter as multid\u00f5es. Facilitavam a compreens\u00e3o de verdades complexas e as tornavam acess\u00edveis a qualquer pessoa. Mas nem todos alcan\u00e7avam essas verdades e apreendiam suas li\u00e7\u00f5es. Muitos ainda hoje precisam de ajuda para compreend\u00ea-las.<\/p>\n<p>Entender as par\u00e1bolas \u00e9 crucial para quem segue a Jesus.<\/p>\n<p>Em As par\u00e1bolas de Jesus, John MacArthur, um dos te\u00f3logos mais respeitados da atualidade, estuda o conte\u00fado de todas as par\u00e1bolas do Mestre, e revela a mensagem impl\u00edcita tanto para os ouvintes daquela \u00e9poca quanto para os de hoje. Com maestria, MacArthur ajuda o leitor a entender essas verdades eternas e a fun\u00e7\u00e3o delas em sua mensagem de salva\u00e7\u00e3o.<\/p>\n","protected":false},"excerpt":{"rendered":"<p>A atualidade das hist\u00f3rias eternas de Jesus Ningu\u00e9m contava hist\u00f3rias como Jesus. Seus enredos eram ao mesmo tempo simples e&hellip;<\/p>\n","protected":false},"featured_media":345489,"comment_status":"open","ping_status":"closed","template":"","meta":[],"product_cat":[145,134],"product_tag":[],"_links":{"self":[{"href":"https:\/\/www.livrariarema.com.br\/loja\/wp-json\/wp\/v2\/product\/52753"}],"collection":[{"href":"https:\/\/www.livrariarema.com.br\/loja\/wp-json\/wp\/v2\/product"}],"about":[{"href":"https:\/\/www.livrariarema.com.br\/loja\/wp-json\/wp\/v2\/types\/product"}],"replies":[{"embeddable":true,"href":"https:\/\/www.livrariarema.com.br\/loja\/wp-json\/wp\/v2\/comments?post=52753"}],"wp:featuredmedia":[{"embeddable":true,"href":"https:\/\/www.livrariarema.com.br\/loja\/wp-json\/wp\/v2\/media\/345489"}],"wp:attachment":[{"href":"https:\/\/www.livrariarema.com.br\/loja\/wp-json\/wp\/v2\/media?parent=52753"}],"wp:term":[{"taxonomy":"product_cat","embeddable":true,"href":"https:\/\/www.livrariarema.com.br\/loja\/wp-json\/wp\/v2\/product_cat?post=52753"},{"taxonomy":"product_tag","embeddable":true,"href":"https:\/\/www.livrariarema.com.br\/loja\/wp-json\/wp\/v2\/product_tag?post=52753"}],"curies":[{"name":"wp","href":"https:\/\/api.w.org\/{rel}","templated":true}]}}