{"id":52755,"date":"2021-01-21T17:13:23","date_gmt":"2021-01-21T20:13:23","guid":{"rendered":"https:\/\/www.livrariarema.com.br\/loja\/produtos\/sem%20categoria\/curando-as-feridas-da-alma-sheila-walsh\/"},"modified":"2026-04-28T16:21:04","modified_gmt":"2026-04-28T19:21:04","slug":"curando-as-feridas-da-alma-sheila-walsh","status":"publish","type":"product","link":"https:\/\/www.livrariarema.com.br\/loja\/produtos\/livros\/mulher\/curando-as-feridas-da-alma-sheila-walsh\/","title":{"rendered":"Curando As Feridas Da Alma &#8211; Sheila Walsh"},"content":{"rendered":"<p>A experi\u00eancia do sofrimento pode variar de uma pessoa para outra, mas ningu\u00e9m est\u00e1 imune a ela. Toda mulher j\u00e1 passou por alguma situa\u00e7\u00e3o que a fez sentir-se prostrada pela dor. A boa not\u00edcia \u00e9 que Deus sabe o que se passa em seu cora\u00e7\u00e3o em momentos assim. E mais: ele providencia o conforto necess\u00e1rio ? basta crer e confiar em seu grande amor.<\/p>\n<p>Em Curando as feridas da alma a leitora aprender\u00e1 a reconhecer os sinais que a distinguem como filha de Deus, apta a libertar-se do ciclo de sofrimento sem precisar se resignar com a heran\u00e7a do pecado e da dor. Descubra tamb\u00e9m o valor de perdoar aqueles que a prejudicaram e a b\u00ean\u00e7\u00e3o da reconcilia\u00e7\u00e3o. Esta obra ir\u00e1 ajud\u00e1-la a superar os ressentimentos causados pelas injusti\u00e7as sofridas e a sentir alegria em toda e qualquer situa\u00e7\u00e3o, mesmo na hora da adversidade.<\/p>\n<p>A s\u00e9rie &#8220;Estudos b\u00edblicos Mulher de F\u00e9&#8221; oferece ferramentas para as leitoras aprofundarem seu conhecimento da B\u00edblia, fortalecerem sua f\u00e9 e se aproximarem de Deus. Apresentada pela best-seller Sheila Walsh, revela-se um valioso recurso para estudo em grupos femininos, encontros de discipulado e tamb\u00e9m para mulheres que desejam aprofundar seu momento de devo\u00e7\u00e3o di\u00e1rio.<\/p>\n","protected":false},"excerpt":{"rendered":"<p>A experi\u00eancia do sofrimento pode variar de uma pessoa para outra, mas ningu\u00e9m est\u00e1 imune a ela. Toda mulher j\u00e1&hellip;<\/p>\n","protected":false},"featured_media":345831,"comment_status":"open","ping_status":"closed","template":"","meta":[],"product_cat":[134,170],"product_tag":[],"_links":{"self":[{"href":"https:\/\/www.livrariarema.com.br\/loja\/wp-json\/wp\/v2\/product\/52755"}],"collection":[{"href":"https:\/\/www.livrariarema.com.br\/loja\/wp-json\/wp\/v2\/product"}],"about":[{"href":"https:\/\/www.livrariarema.com.br\/loja\/wp-json\/wp\/v2\/types\/product"}],"replies":[{"embeddable":true,"href":"https:\/\/www.livrariarema.com.br\/loja\/wp-json\/wp\/v2\/comments?post=52755"}],"wp:featuredmedia":[{"embeddable":true,"href":"https:\/\/www.livrariarema.com.br\/loja\/wp-json\/wp\/v2\/media\/345831"}],"wp:attachment":[{"href":"https:\/\/www.livrariarema.com.br\/loja\/wp-json\/wp\/v2\/media?parent=52755"}],"wp:term":[{"taxonomy":"product_cat","embeddable":true,"href":"https:\/\/www.livrariarema.com.br\/loja\/wp-json\/wp\/v2\/product_cat?post=52755"},{"taxonomy":"product_tag","embeddable":true,"href":"https:\/\/www.livrariarema.com.br\/loja\/wp-json\/wp\/v2\/product_tag?post=52755"}],"curies":[{"name":"wp","href":"https:\/\/api.w.org\/{rel}","templated":true}]}}