{"id":52872,"date":"2021-01-21T17:18:51","date_gmt":"2021-01-21T20:18:51","guid":{"rendered":"https:\/\/www.livrariarema.com.br\/loja\/produtos\/sem%20categoria\/anne-vol-8-rilla-de-ingleside-lucy-maud-montgomery\/"},"modified":"2026-04-15T17:00:54","modified_gmt":"2026-04-15T20:00:54","slug":"anne-vol-8-rilla-de-ingleside-lucy-maud-montgomery","status":"publish","type":"product","link":"https:\/\/www.livrariarema.com.br\/loja\/produtos\/livros\/juvenil\/anne-vol-8-rilla-de-ingleside-lucy-maud-montgomery\/","title":{"rendered":"Anne &#8211; Vol. 8 &#8211; Rilla De Ingleside &#8211; Lucy Maud Montgomery"},"content":{"rendered":"<p>Rilla est\u00e1 chegando aos quinze anos e o seu primeiro baile no farol de Four Winds se aproxima trazendo tamb\u00e9m a expectativa por um romance com Kenneth Ford. Por\u00e9m, os desafios que aguardam a filha ca\u00e7ula de Anne podem ser maiores que o anseio por um primeiro beijo, com a emin\u00eancia de uma guerra que amea\u00e7a a fam\u00edlia Blythe. Anne e Gilbert se preocupam com os seus filhos e com a ingenuidade da pequena Rilla, que ter\u00e1 sua coragem e amadurecimento testados por epis\u00f3dios que a mudar\u00e3o para sempre.<\/p>\n","protected":false},"excerpt":{"rendered":"<p>Rilla est\u00e1 chegando aos quinze anos e o seu primeiro baile no farol de Four Winds se aproxima trazendo tamb\u00e9m&hellip;<\/p>\n","protected":false},"featured_media":266671,"comment_status":"open","ping_status":"closed","template":"","meta":[],"product_cat":[184,134],"product_tag":[],"_links":{"self":[{"href":"https:\/\/www.livrariarema.com.br\/loja\/wp-json\/wp\/v2\/product\/52872"}],"collection":[{"href":"https:\/\/www.livrariarema.com.br\/loja\/wp-json\/wp\/v2\/product"}],"about":[{"href":"https:\/\/www.livrariarema.com.br\/loja\/wp-json\/wp\/v2\/types\/product"}],"replies":[{"embeddable":true,"href":"https:\/\/www.livrariarema.com.br\/loja\/wp-json\/wp\/v2\/comments?post=52872"}],"wp:featuredmedia":[{"embeddable":true,"href":"https:\/\/www.livrariarema.com.br\/loja\/wp-json\/wp\/v2\/media\/266671"}],"wp:attachment":[{"href":"https:\/\/www.livrariarema.com.br\/loja\/wp-json\/wp\/v2\/media?parent=52872"}],"wp:term":[{"taxonomy":"product_cat","embeddable":true,"href":"https:\/\/www.livrariarema.com.br\/loja\/wp-json\/wp\/v2\/product_cat?post=52872"},{"taxonomy":"product_tag","embeddable":true,"href":"https:\/\/www.livrariarema.com.br\/loja\/wp-json\/wp\/v2\/product_tag?post=52872"}],"curies":[{"name":"wp","href":"https:\/\/api.w.org\/{rel}","templated":true}]}}