{"id":52882,"date":"2021-01-21T17:19:09","date_gmt":"2021-01-21T20:19:09","guid":{"rendered":"https:\/\/www.livrariarema.com.br\/loja\/produtos\/sem%20categoria\/pregacao-comunicando-a-fe-na-era-do-ceticismo-timothy-keller\/"},"modified":"2026-04-11T10:30:40","modified_gmt":"2026-04-11T13:30:40","slug":"pregacao-comunicando-a-fe-na-era-do-ceticismo-timothy-keller","status":"publish","type":"product","link":"https:\/\/www.livrariarema.com.br\/loja\/produtos\/livros\/homiletica\/pregacao-comunicando-a-fe-na-era-do-ceticismo-timothy-keller\/","title":{"rendered":"Prega\u00e7\u00e3o &#8211; Comunicando A F\u00e9 Na Era Do Ceticismo &#8211; Timothy Keller"},"content":{"rendered":"<p>Em Prega\u00e7\u00e3o, Timothy Keller divide com o leitor a sabedoria acumulada em anos de prega\u00e7\u00e3o e ensina a transmitir a f\u00e9 crist\u00e3 tanto por meio da prega\u00e7\u00e3o como em uma cafeteria. A maioria dos crist\u00e3os &#8211; mesmo pastores &#8211; tem dificuldade de falar sobre sua f\u00e9 de uma maneira que consiga aplicar o poder do evangelho para a transforma\u00e7\u00e3o das pessoas. Timothy Keller \u00e9 conhecido por serm\u00f5es e palestras perceptivos e pr\u00e1ticos que ajudam as pessoas a entender a si mesmas, encontrar Jesus e aplicar a B\u00edblia \u00e0 vida. Neste guia acess\u00edvel tanto a pastores quanto a leigos, Keller ajuda o leitor a apresentar a mensagem crist\u00e3 da gra\u00e7a de maneira convidativa, apaixonada e compassiva.<\/p>\n","protected":false},"excerpt":{"rendered":"<p>Em Prega\u00e7\u00e3o, Timothy Keller divide com o leitor a sabedoria acumulada em anos de prega\u00e7\u00e3o e ensina a transmitir a&hellip;<\/p>\n","protected":false},"featured_media":345074,"comment_status":"open","ping_status":"closed","template":"","meta":[],"product_cat":[198,134],"product_tag":[],"_links":{"self":[{"href":"https:\/\/www.livrariarema.com.br\/loja\/wp-json\/wp\/v2\/product\/52882"}],"collection":[{"href":"https:\/\/www.livrariarema.com.br\/loja\/wp-json\/wp\/v2\/product"}],"about":[{"href":"https:\/\/www.livrariarema.com.br\/loja\/wp-json\/wp\/v2\/types\/product"}],"replies":[{"embeddable":true,"href":"https:\/\/www.livrariarema.com.br\/loja\/wp-json\/wp\/v2\/comments?post=52882"}],"wp:featuredmedia":[{"embeddable":true,"href":"https:\/\/www.livrariarema.com.br\/loja\/wp-json\/wp\/v2\/media\/345074"}],"wp:attachment":[{"href":"https:\/\/www.livrariarema.com.br\/loja\/wp-json\/wp\/v2\/media?parent=52882"}],"wp:term":[{"taxonomy":"product_cat","embeddable":true,"href":"https:\/\/www.livrariarema.com.br\/loja\/wp-json\/wp\/v2\/product_cat?post=52882"},{"taxonomy":"product_tag","embeddable":true,"href":"https:\/\/www.livrariarema.com.br\/loja\/wp-json\/wp\/v2\/product_tag?post=52882"}],"curies":[{"name":"wp","href":"https:\/\/api.w.org\/{rel}","templated":true}]}}