{"id":52946,"date":"2021-01-21T17:20:58","date_gmt":"2021-01-21T20:20:58","guid":{"rendered":"https:\/\/www.livrariarema.com.br\/loja\/produtos\/sem%20categoria\/livro-de-ouro-da-lideranca-o-john-c-maxwell\/"},"modified":"2026-02-24T17:34:05","modified_gmt":"2026-02-24T20:34:05","slug":"livro-de-ouro-da-lideranca-o-john-c-maxwell","status":"publish","type":"product","link":"https:\/\/www.livrariarema.com.br\/loja\/produtos\/livros\/lideranca\/livro-de-ouro-da-lideranca-o-john-c-maxwell\/","title":{"rendered":"Livro De Ouro Da Lideran\u00e7a, O &#8211; John C. Maxwell"},"content":{"rendered":"<p>O Livro de Ouro da Lideran\u00e7a elenca importantes ensinamentos para que voc\u00ea seja um l\u00edder. Toda a obra est\u00e1 pautada na vida do pr\u00f3prio autor, ele destaca muitos caminhos que voc\u00ea deve percorrer, mas tamb\u00e9m elenca aqueles pelos quais voc\u00ea n\u00e3o deve trilhar, como no cap\u00edtulo &#8220;N\u00e3o mande patos para uma escola de \u00e1guia&#8221;.<\/p>\n<p>Ao todo, s\u00e3o 26 cap\u00edtulos que descrevem os caminhos da lideran\u00e7a de uma forma extremamente interessante, que nos fazem pensar sobre nossas atitudes e, com isso, geram aprendizado.<\/p>\n<p>Destacamos os nomes de alguns dos cap\u00edtulos:<br \/>\n&#8211; Quem chega ao topo sozinho fez alguma coisa errada no caminho<br \/>\n&#8211; Nada como um chute no traseiro para saber que voc\u00ea est\u00e1 na frente<br \/>\n&#8211; Para avaliar o desempenho de um l\u00edder, observe os liderados<br \/>\n&#8211; Continue aprendendo para continuar liderando<br \/>\n&#8211; Quem come\u00e7a uma jornada com voc\u00ea raramente termina junto<br \/>\n&#8211; As pessoas resumir\u00e3o sua vida em uma frase; defina-se j\u00e1.<\/p>\n","protected":false},"excerpt":{"rendered":"<p>O Livro de Ouro da Lideran\u00e7a elenca importantes ensinamentos para que voc\u00ea seja um l\u00edder. Toda a obra est\u00e1 pautada&hellip;<\/p>\n","protected":false},"featured_media":345439,"comment_status":"open","ping_status":"closed","template":"","meta":[],"product_cat":[153,134],"product_tag":[],"_links":{"self":[{"href":"https:\/\/www.livrariarema.com.br\/loja\/wp-json\/wp\/v2\/product\/52946"}],"collection":[{"href":"https:\/\/www.livrariarema.com.br\/loja\/wp-json\/wp\/v2\/product"}],"about":[{"href":"https:\/\/www.livrariarema.com.br\/loja\/wp-json\/wp\/v2\/types\/product"}],"replies":[{"embeddable":true,"href":"https:\/\/www.livrariarema.com.br\/loja\/wp-json\/wp\/v2\/comments?post=52946"}],"wp:featuredmedia":[{"embeddable":true,"href":"https:\/\/www.livrariarema.com.br\/loja\/wp-json\/wp\/v2\/media\/345439"}],"wp:attachment":[{"href":"https:\/\/www.livrariarema.com.br\/loja\/wp-json\/wp\/v2\/media?parent=52946"}],"wp:term":[{"taxonomy":"product_cat","embeddable":true,"href":"https:\/\/www.livrariarema.com.br\/loja\/wp-json\/wp\/v2\/product_cat?post=52946"},{"taxonomy":"product_tag","embeddable":true,"href":"https:\/\/www.livrariarema.com.br\/loja\/wp-json\/wp\/v2\/product_tag?post=52946"}],"curies":[{"name":"wp","href":"https:\/\/api.w.org\/{rel}","templated":true}]}}