{"id":52987,"date":"2021-01-21T17:22:16","date_gmt":"2021-01-21T20:22:16","guid":{"rendered":"https:\/\/www.livrariarema.com.br\/loja\/produtos\/sem%20categoria\/uma-rainha-relutante-joan-wolf\/"},"modified":"2026-03-20T16:43:18","modified_gmt":"2026-03-20T19:43:18","slug":"uma-rainha-relutante-joan-wolf","status":"publish","type":"product","link":"https:\/\/www.livrariarema.com.br\/loja\/produtos\/livros\/romance\/uma-rainha-relutante-joan-wolf\/","title":{"rendered":"Uma Rainha Relutante &#8211; Joan Wolf"},"content":{"rendered":"<p>Se voc\u00ea leu essa hist\u00f3ria como um relato b\u00edblico sobre coragem, experimente l\u00ea-la novamente como uma hist\u00f3ria de amor comovente. Ela era uma menina simples que se deparou com uma escolha imposs\u00edvel. Ele era um rei magn\u00edfico com um cora\u00e7\u00e3o solit\u00e1rio.<\/p>\n<p>O amor deles foi uma surpresa divina que mudou o curso da hist\u00f3ria. A comovente hist\u00f3ria de Ester \u00e9 revivida nesse livro inspirador que vibra com mist\u00e9rio, intriga e romance.<\/p>\n","protected":false},"excerpt":{"rendered":"<p>Se voc\u00ea leu essa hist\u00f3ria como um relato b\u00edblico sobre coragem, experimente l\u00ea-la novamente como uma hist\u00f3ria de amor comovente.&hellip;<\/p>\n","protected":false},"featured_media":345181,"comment_status":"open","ping_status":"closed","template":"","meta":[],"product_cat":[134,182],"product_tag":[],"_links":{"self":[{"href":"https:\/\/www.livrariarema.com.br\/loja\/wp-json\/wp\/v2\/product\/52987"}],"collection":[{"href":"https:\/\/www.livrariarema.com.br\/loja\/wp-json\/wp\/v2\/product"}],"about":[{"href":"https:\/\/www.livrariarema.com.br\/loja\/wp-json\/wp\/v2\/types\/product"}],"replies":[{"embeddable":true,"href":"https:\/\/www.livrariarema.com.br\/loja\/wp-json\/wp\/v2\/comments?post=52987"}],"wp:featuredmedia":[{"embeddable":true,"href":"https:\/\/www.livrariarema.com.br\/loja\/wp-json\/wp\/v2\/media\/345181"}],"wp:attachment":[{"href":"https:\/\/www.livrariarema.com.br\/loja\/wp-json\/wp\/v2\/media?parent=52987"}],"wp:term":[{"taxonomy":"product_cat","embeddable":true,"href":"https:\/\/www.livrariarema.com.br\/loja\/wp-json\/wp\/v2\/product_cat?post=52987"},{"taxonomy":"product_tag","embeddable":true,"href":"https:\/\/www.livrariarema.com.br\/loja\/wp-json\/wp\/v2\/product_tag?post=52987"}],"curies":[{"name":"wp","href":"https:\/\/api.w.org\/{rel}","templated":true}]}}