{"id":52997,"date":"2021-01-21T17:22:34","date_gmt":"2021-01-21T20:22:34","guid":{"rendered":"https:\/\/www.livrariarema.com.br\/loja\/produtos\/sem%20categoria\/serie-livros-da-biblia-um-vislumbre-do-livro-de-daniel-uma-chave-para-o-amanha-christian-chen\/"},"modified":"2026-04-20T15:50:37","modified_gmt":"2026-04-20T18:50:37","slug":"serie-livros-da-biblia-um-vislumbre-do-livro-de-daniel-uma-chave-para-o-amanha-christian-chen","status":"publish","type":"product","link":"https:\/\/www.livrariarema.com.br\/loja\/produtos\/livros\/estudo-biblico\/serie-livros-da-biblia-um-vislumbre-do-livro-de-daniel-uma-chave-para-o-amanha-christian-chen\/","title":{"rendered":"S\u00e9rie Livros Da B\u00edblia &#8211; Uma Chave Para O Amanh\u00e3: Um Vislumbre Do Livro De Daniel &#8211; Christian Chen"},"content":{"rendered":"<p>&#8220;Eu, pois, ouvi, mas n\u00e3o entendi; por isso eu disse: Senhor meu, qual ser\u00e1 o fim destas coisas? E ele disse: Vai, Daniel, porque estas palavras est\u00e3o fechadas e seladas at\u00e9 ao tempo do fim&#8221; (Daniel 12:8,9).<br \/>\n&#8220;Quando, pois, virdes que a abomina\u00e7\u00e3o da desola\u00e7\u00e3o, de que falou o profeta Daniel, est\u00e1 no lugar santo; quem l\u00ea, entenda&#8230;&#8221; (Mateus 24:15).<br \/>\nPor muitos anos o livro de Daniel e as preciosas profecias nele contidas permaneceram selados. Mas o chegar o tempo do fim, iniciado pela vindo do Salvador Jesus, Ele mesmo abriu esse livro tornando-o compreens\u00edvel.<br \/>\nNeste livro, o autor considera o profeta Daniel e suas profecias conforme desenvolvimentos ao longo da hist\u00f3ria. Com ricos detalhes, s\u00e3o descritos aspectos hist\u00f3ricos e atuais relacionados aos imp\u00e9rios babil\u00f4nico, medo-persa, grego e romano \u00e0 luz das profecias no livro de Daniel. Importante \u00eanfase \u00e9 dada ao brotar de &#8220;todas as \u00e1rvores&#8221; na profecia do Senhor em Lucas 21:29. O leitor encontrar\u00e1 neste volume uma detalhada interpreta\u00e7\u00e3o da Profecia das Setenta Semanas.<br \/>\nO presente livro ajudar\u00e1 o leitor a &#8220;ler e entender&#8221; o que foi falado pelo profeta Daniel e servir\u00e1 de encorajamento para que aguardemos atentos a volta do Rei e Senhor Jesus Cristo.<br \/>\n&#8220;Eu estava olhando nas minhas vis\u00f5es da noite, e eis que vinha nas nuvens do c\u00e9u um como o filho do homem; e dirigiu-se ao anci\u00e3o de dias, e o fizeram chegar at\u00e9 ele. E foi-lhe dado o dom\u00ednio, e a honra, e o reino, para que todos os povos, na\u00e7\u00f5es e l\u00ednguas o servissem; o seu dom\u00ednio \u00e9 um dom\u00ednio eterno, que n\u00e3o passar\u00e1, e o seu reino tal, que n\u00e3o ser\u00e1 destru\u00eddo&#8221; (Daniel 7:13,14).<\/p>\n","protected":false},"excerpt":{"rendered":"<p>&#8220;Eu, pois, ouvi, mas n\u00e3o entendi; por isso eu disse: Senhor meu, qual ser\u00e1 o fim destas coisas? E ele&hellip;<\/p>\n","protected":false},"featured_media":346982,"comment_status":"open","ping_status":"closed","template":"","meta":[],"product_cat":[161,134],"product_tag":[],"_links":{"self":[{"href":"https:\/\/www.livrariarema.com.br\/loja\/wp-json\/wp\/v2\/product\/52997"}],"collection":[{"href":"https:\/\/www.livrariarema.com.br\/loja\/wp-json\/wp\/v2\/product"}],"about":[{"href":"https:\/\/www.livrariarema.com.br\/loja\/wp-json\/wp\/v2\/types\/product"}],"replies":[{"embeddable":true,"href":"https:\/\/www.livrariarema.com.br\/loja\/wp-json\/wp\/v2\/comments?post=52997"}],"wp:featuredmedia":[{"embeddable":true,"href":"https:\/\/www.livrariarema.com.br\/loja\/wp-json\/wp\/v2\/media\/346982"}],"wp:attachment":[{"href":"https:\/\/www.livrariarema.com.br\/loja\/wp-json\/wp\/v2\/media?parent=52997"}],"wp:term":[{"taxonomy":"product_cat","embeddable":true,"href":"https:\/\/www.livrariarema.com.br\/loja\/wp-json\/wp\/v2\/product_cat?post=52997"},{"taxonomy":"product_tag","embeddable":true,"href":"https:\/\/www.livrariarema.com.br\/loja\/wp-json\/wp\/v2\/product_tag?post=52997"}],"curies":[{"name":"wp","href":"https:\/\/api.w.org\/{rel}","templated":true}]}}