{"id":53012,"date":"2021-01-21T17:23:03","date_gmt":"2021-01-21T20:23:03","guid":{"rendered":"https:\/\/www.livrariarema.com.br\/loja\/produtos\/sem%20categoria\/carimbos-stamp-cis-animais\/"},"modified":"2026-04-14T18:01:11","modified_gmt":"2026-04-14T21:01:11","slug":"carimbos-stamp-cis-animais","status":"publish","type":"product","link":"https:\/\/www.livrariarema.com.br\/loja\/produtos\/papelaria\/carimbo\/carimbos-stamp-cis-animais\/","title":{"rendered":"Carimbos Stamp &#8211; Cis &#8211; Animais"},"content":{"rendered":"<p>Carimbos Auto-Entintados Stamp Divers\u00e3o, Cis<\/p>\n<p>Caracter\u00edsticas do Produto <br \/>\n&#8211; Carimbo infantil com reservat\u00f3rio interno de tinta. <br \/>\n&#8211; Poses sortidas conforme adesivo e acompanham a cor da tinta. <br \/>\n&#8211; Lav\u00e1vel. <br \/>\n&#8211; N\u00e3o t\u00f3xico. <\/p>\n<p>Vendido por unidade.<\/p>\n<p>Registro Inmetro: 000 026\/2022<\/p>\n","protected":false},"excerpt":{"rendered":"<p>Carimbos Auto-Entintados Stamp Divers\u00e3o, Cis Caracter\u00edsticas do Produto &#8211; Carimbo infantil com reservat\u00f3rio interno de tinta. &#8211; Poses sortidas conforme&hellip;<\/p>\n","protected":false},"featured_media":338141,"comment_status":"open","ping_status":"closed","template":"","meta":[],"product_cat":[282,215],"product_tag":[],"_links":{"self":[{"href":"https:\/\/www.livrariarema.com.br\/loja\/wp-json\/wp\/v2\/product\/53012"}],"collection":[{"href":"https:\/\/www.livrariarema.com.br\/loja\/wp-json\/wp\/v2\/product"}],"about":[{"href":"https:\/\/www.livrariarema.com.br\/loja\/wp-json\/wp\/v2\/types\/product"}],"replies":[{"embeddable":true,"href":"https:\/\/www.livrariarema.com.br\/loja\/wp-json\/wp\/v2\/comments?post=53012"}],"wp:featuredmedia":[{"embeddable":true,"href":"https:\/\/www.livrariarema.com.br\/loja\/wp-json\/wp\/v2\/media\/338141"}],"wp:attachment":[{"href":"https:\/\/www.livrariarema.com.br\/loja\/wp-json\/wp\/v2\/media?parent=53012"}],"wp:term":[{"taxonomy":"product_cat","embeddable":true,"href":"https:\/\/www.livrariarema.com.br\/loja\/wp-json\/wp\/v2\/product_cat?post=53012"},{"taxonomy":"product_tag","embeddable":true,"href":"https:\/\/www.livrariarema.com.br\/loja\/wp-json\/wp\/v2\/product_tag?post=53012"}],"curies":[{"name":"wp","href":"https:\/\/api.w.org\/{rel}","templated":true}]}}