{"id":53115,"date":"2021-01-21T17:25:35","date_gmt":"2021-01-21T20:25:35","guid":{"rendered":"https:\/\/www.livrariarema.com.br\/loja\/produtos\/sem%20categoria\/comentario-historico-cultural-da-biblia-novo-testamento-craig-s-keener\/"},"modified":"2026-02-20T13:00:17","modified_gmt":"2026-02-20T16:00:17","slug":"comentario-historico-cultural-da-biblia-novo-testamento-craig-s-keener","status":"publish","type":"product","link":"https:\/\/www.livrariarema.com.br\/loja\/produtos\/livros\/comentario-biblico\/comentario-historico-cultural-da-biblia-novo-testamento-craig-s-keener\/","title":{"rendered":"Coment\u00e1rio Hist\u00f3rico-Cultural Da B\u00edblia &#8211; Novo Testamento &#8211; Craig S. Keener"},"content":{"rendered":"<p>COMO EXPLICAR A S\u00daBITA REDESCOBERTA DO &#8220;LIVRO DA LEI&#8221; (2CR 34.14) DURANTE A RENOVA\u00c7\u00c3O DO TEMPLO POR JOSIAS? O QUE O SALMISTA TINHA EM MENTE QUANDO LOUVOU A DEUS POR AFASTAR DE N\u00d3S AS NOSSAS TRANSGRESS\u00d5ES ASSIM COMO &#8220;O ORIENTE EST\u00c1 LONGE DO OCIDENTE&#8221; (SL 103.12)? EM PROV\u00c9RBIOS 21.2, O QUE SIGNIFICA &#8220;O SENHOR PESA O CORA\u00c7\u00c3O&#8221;?<\/p>\n<p>Para entender e aplicar bem a B\u00edblia, duas fontes de informa\u00e7\u00e3o s\u00e3o fundamentais: a pr\u00f3pria B\u00edblia e a compreens\u00e3o apropriada do ambiente cultural da passagem que voc\u00ea est\u00e1 lendo. Somente depois de conhecer o contexto cultural da passagem em quest\u00e3o \u00e9 que voc\u00ea entender\u00e1 os interesses e o prop\u00f3sito originais do autor. Esta obra apresenta o embasamento necess\u00e1rio para um estudo b\u00edblico respons\u00e1vel, fornecendo dados hist\u00f3ricos, sociais e culturais para cada passagem de G\u00eanesis a Malaquias e reunindo uma riqueza de informa\u00e7\u00f5es indispens\u00e1veis para:<\/p>\n<p>pastores, na prepara\u00e7\u00e3o de serm\u00f5es;<br \/>\nprofessores em geral e de escola dominical, na prepara\u00e7\u00e3o de li\u00e7\u00f5es e estudos;<br \/>\nmission\u00e1rios que desejam ler a B\u00edblia sem o vi\u00e9s da pr\u00f3pria cultura;<br \/>\nuniversit\u00e1rios e seminaristas, na elabora\u00e7\u00e3o de seus trabalhos;<br \/>\nleitores leigos da B\u00edblia que desejam aprofundar e aprimorar o seu estudo.<\/p>\n<p>A obra inclui: gloss\u00e1rio de termos culturais e personagens hist\u00f3ricas importantes; mapas e tabelas; explana\u00e7\u00f5es sobre importantes quest\u00f5es culturais e ensaios introdut\u00f3rios sobre o ambiente hist\u00f3rico-cultural por tr\u00e1s de cada livro do Antigo Testamento. Publicada anteriormente sob o t\u00edtulo Coment\u00e1rio b\u00edblico Atos: Antigo Testamento.<\/p>\n","protected":false},"excerpt":{"rendered":"<p>COMO EXPLICAR A S\u00daBITA REDESCOBERTA DO &#8220;LIVRO DA LEI&#8221; (2CR 34.14) DURANTE A RENOVA\u00c7\u00c3O DO TEMPLO POR JOSIAS? O QUE&hellip;<\/p>\n","protected":false},"featured_media":344981,"comment_status":"open","ping_status":"closed","template":"","meta":[],"product_cat":[164,134],"product_tag":[],"_links":{"self":[{"href":"https:\/\/www.livrariarema.com.br\/loja\/wp-json\/wp\/v2\/product\/53115"}],"collection":[{"href":"https:\/\/www.livrariarema.com.br\/loja\/wp-json\/wp\/v2\/product"}],"about":[{"href":"https:\/\/www.livrariarema.com.br\/loja\/wp-json\/wp\/v2\/types\/product"}],"replies":[{"embeddable":true,"href":"https:\/\/www.livrariarema.com.br\/loja\/wp-json\/wp\/v2\/comments?post=53115"}],"wp:featuredmedia":[{"embeddable":true,"href":"https:\/\/www.livrariarema.com.br\/loja\/wp-json\/wp\/v2\/media\/344981"}],"wp:attachment":[{"href":"https:\/\/www.livrariarema.com.br\/loja\/wp-json\/wp\/v2\/media?parent=53115"}],"wp:term":[{"taxonomy":"product_cat","embeddable":true,"href":"https:\/\/www.livrariarema.com.br\/loja\/wp-json\/wp\/v2\/product_cat?post=53115"},{"taxonomy":"product_tag","embeddable":true,"href":"https:\/\/www.livrariarema.com.br\/loja\/wp-json\/wp\/v2\/product_tag?post=53115"}],"curies":[{"name":"wp","href":"https:\/\/api.w.org\/{rel}","templated":true}]}}