{"id":53164,"date":"2021-01-21T17:27:12","date_gmt":"2021-01-21T20:27:12","guid":{"rendered":"https:\/\/www.livrariarema.com.br\/loja\/produtos\/sem%20categoria\/dicionario-biblico-ilustrado-vida\/"},"modified":"2025-10-02T13:52:50","modified_gmt":"2025-10-02T16:52:50","slug":"dicionario-biblico-ilustrado-vida","status":"publish","type":"product","link":"https:\/\/www.livrariarema.com.br\/loja\/produtos\/livros\/dicionario-gramatica\/dicionario-biblico-ilustrado-vida\/","title":{"rendered":"Dicion\u00e1rio B\u00edblico Ilustrado Vida"},"content":{"rendered":"<p>A ferramenta de refer\u00eancia m\u00e1xima da B\u00edblia!<\/p>\n<p>O Dicion\u00e1rio B\u00edblico Ilustrado Vida define o padr\u00e3o do que um dicion\u00e1rio b\u00edblico deve ser &#8211; um vasto armaz\u00e9m de informa\u00e7\u00f5es f\u00e1ceis de encontrar, f\u00e1ceis de entender e \u00fateis.<\/p>\n<p>Completamente atualizado e amplo, com recursos mais f\u00e1ceis de usar do que nunca, o Dicion\u00e1rio B\u00edblico Ilustrado Vida foi projetado tanto para aqueles que precisam de informa\u00e7\u00f5es de maneira r\u00e1pida quanto para aqueles que querem estudo aprofundado de centenas de t\u00f3picos.<\/p>\n<p>Al\u00e9m disso, centenas de fotos, mapas, reconstru\u00e7\u00f5es e gr\u00e1ficos coloridos iluminam o texto de uma maneira que voc\u00ea nunca pensou ser poss\u00edvel. Depois de abrir este livro, voc\u00ea descobrir\u00e1 por que o Dicion\u00e1rio B\u00edblico Ilustrado Vida \u00e9 padr\u00e3o para a publica\u00e7\u00e3o de refer\u00eancias b\u00edblicas.<\/p>\n<p>Atualizado e amplo, com:<br \/>\n&#8211; Defini\u00e7\u00f5es exaustivas de pessoas, lugares, coisas e eventos &#8211; lidando com todos os assuntos da B\u00edblia.<br \/>\n&#8211; Mais de 700 fotos, ilustra\u00e7\u00f5es e gr\u00e1ficos em cores.<br \/>\n&#8211; Desenhos em escala \u00fanicos e reconstru\u00e7\u00f5es de lugares e objetos b\u00edblicos baseados em pesquisas arqueol\u00f3gicas cuidadosas.<br \/>\n&#8211; Mapas em cores.<br \/>\n&#8211; Principais artigos sobre temas teol\u00f3gicos, artigos reunidos sobre plantas, animais, profiss\u00f5es etc.<br \/>\n&#8211; Informa\u00e7\u00f5es arqueol\u00f3gicas atualizadas de escava\u00e7\u00f5es em Israel.<br \/>\n&#8211; Linha do tempo que compara a hist\u00f3ria b\u00edblica com a hist\u00f3ria mundial.<br \/>\n&#8211; Defini\u00e7\u00f5es resumidas que iniciam cada entrada de refer\u00eancia r\u00e1pida.<br \/>\n&#8211; Uma variedade de tradu\u00e7\u00f5es da B\u00edblia utilizadas.<br \/>\n&#8211; Muitos artigos baseados nos idiomas originais, mas escritos em um estilo amig\u00e1vel. A linguagem t\u00e9cnica \u00e9 evitada.<br \/>\n&#8211; Extensa refer\u00eancia cruzada.<br \/>\n&#8211; &#8220;Guias R\u00e1pidos [F\u00e1ceis]&#8221;: guias alfab\u00e9ticos nas margens para localiza\u00e7\u00e3o r\u00e1pida e f\u00e1cil de informa\u00e7\u00f5es.<\/p>\n","protected":false},"excerpt":{"rendered":"<p>A ferramenta de refer\u00eancia m\u00e1xima da B\u00edblia! O Dicion\u00e1rio B\u00edblico Ilustrado Vida define o padr\u00e3o do que um dicion\u00e1rio b\u00edblico&hellip;<\/p>\n","protected":false},"featured_media":339192,"comment_status":"open","ping_status":"closed","template":"","meta":[],"product_cat":[159,134],"product_tag":[],"_links":{"self":[{"href":"https:\/\/www.livrariarema.com.br\/loja\/wp-json\/wp\/v2\/product\/53164"}],"collection":[{"href":"https:\/\/www.livrariarema.com.br\/loja\/wp-json\/wp\/v2\/product"}],"about":[{"href":"https:\/\/www.livrariarema.com.br\/loja\/wp-json\/wp\/v2\/types\/product"}],"replies":[{"embeddable":true,"href":"https:\/\/www.livrariarema.com.br\/loja\/wp-json\/wp\/v2\/comments?post=53164"}],"wp:featuredmedia":[{"embeddable":true,"href":"https:\/\/www.livrariarema.com.br\/loja\/wp-json\/wp\/v2\/media\/339192"}],"wp:attachment":[{"href":"https:\/\/www.livrariarema.com.br\/loja\/wp-json\/wp\/v2\/media?parent=53164"}],"wp:term":[{"taxonomy":"product_cat","embeddable":true,"href":"https:\/\/www.livrariarema.com.br\/loja\/wp-json\/wp\/v2\/product_cat?post=53164"},{"taxonomy":"product_tag","embeddable":true,"href":"https:\/\/www.livrariarema.com.br\/loja\/wp-json\/wp\/v2\/product_tag?post=53164"}],"curies":[{"name":"wp","href":"https:\/\/api.w.org\/{rel}","templated":true}]}}