{"id":53168,"date":"2021-01-21T17:27:19","date_gmt":"2021-01-21T20:27:19","guid":{"rendered":"https:\/\/www.livrariarema.com.br\/loja\/produtos\/sem%20categoria\/mulher-do-reino-tony-evans-e-chrystal-evans-hurst\/"},"modified":"2026-04-24T10:37:36","modified_gmt":"2026-04-24T13:37:36","slug":"mulher-do-reino-tony-evans-e-chrystal-evans-hurst","status":"publish","type":"product","link":"https:\/\/www.livrariarema.com.br\/loja\/produtos\/livros\/mulher\/mulher-do-reino-tony-evans-e-chrystal-evans-hurst\/","title":{"rendered":"Mulher Do Reino &#8211; Tony Evans E Chrystal Evans Hurst"},"content":{"rendered":"<p>Uma mulher do reino \u00e9 chamada e capacitada para ter uma vida vitoriosa por meio de Cristo!<\/p>\n<p>Nesta obra singular, Tony Evans e sua filha Chrystal Evans Hurst definem a mulher do reino como aquela que se submete \u00e0 autoridade de Deus e sob ela age em todas as \u00e1reas de sua vida. <\/p>\n<p>A mulher do reino reflete a imagem de Deus de modo extraordin\u00e1rio e, por isso, influencia positivamente as pessoas com as quais se relaciona. Sua vida n\u00e3o se limita ao aqui e agora. Em vez disso, sua vis\u00e3o alcan\u00e7a dimens\u00f5es eternas.<\/p>\n<p>\u00c9 importante lembrar, contudo, que n\u00e3o se trata de mais um livro que exige da leitora comportamentos inalcan\u00e7\u00e1veis e com resultados frustrantes. \u00c9 poss\u00edvel, sim, ser uma mulher do reino hoje, consciente de suas falhas e conectada com a realidade, mas, e sobretudo, conectada com Deus. <\/p>\n<p>Esta obra n\u00e3o visa a fornecer meras informa\u00e7\u00f5es para, em seguida, abandon\u00e1-la em conjecturas que lhe tragam um sentimento de condena\u00e7\u00e3o e culpa. Cada cap\u00edtulo n\u00e3o s\u00f3 re\u00fane larga dose de encorajamento e incentivo, mas tamb\u00e9m mostra, de modo b\u00edblico e pr\u00e1tico, como desenvolver a f\u00e9 que conduz ao milagre que voc\u00ea anseia ver realizado em sua fam\u00edlia, igreja ou comunidade. <br \/>\nO objetivo dos autores \u00e9 que esse conhecimento se transforme num instrumento capaz de faz\u00ea-la encarar as adversidades com coragem e seguran\u00e7a, em vez de recuar, acomodar-se ou desesperar-se diante delas. <br \/>\nEnt\u00e3o, mergulhe de cabe\u00e7a nesta leitura. Voc\u00ea sair\u00e1 fortalecida para percorrer a jornada \u00e0 sua frente.<\/p>\n<p>Sobre os autores:<br \/>\n Tony Evans \u00e9 palestrante e autor de diversas obras. Doutor em teologia pelo Semin\u00e1rio Teol\u00f3gico de Dallas, exerce h\u00e1 quatro d\u00e9cadas a fun\u00e7\u00e3o de pastor s\u00eanior da Oak Cliff Bible Fellowship, igreja que possui mais de 9.500 membros. Tony e Lois, com quem \u00e9 casado h\u00e1 mais de 40 anos, t\u00eam quatro filhos: Chrystal, Priscilla, Anthony Jr. e Jonathan.<\/p>\n<p>Chrystal Evans Hurst \u00e9 uma talentosa escritora, palestrante e l\u00edder de adora\u00e7\u00e3o. \u00c9 a filha mais velha de Tony e Lois Evans. \u00c9 casada e m\u00e3e de cinco filhos.<\/p>\n","protected":false},"excerpt":{"rendered":"<p>Uma mulher do reino \u00e9 chamada e capacitada para ter uma vida vitoriosa por meio de Cristo! Nesta obra singular,&hellip;<\/p>\n","protected":false},"featured_media":347136,"comment_status":"open","ping_status":"closed","template":"","meta":[],"product_cat":[134,170],"product_tag":[],"_links":{"self":[{"href":"https:\/\/www.livrariarema.com.br\/loja\/wp-json\/wp\/v2\/product\/53168"}],"collection":[{"href":"https:\/\/www.livrariarema.com.br\/loja\/wp-json\/wp\/v2\/product"}],"about":[{"href":"https:\/\/www.livrariarema.com.br\/loja\/wp-json\/wp\/v2\/types\/product"}],"replies":[{"embeddable":true,"href":"https:\/\/www.livrariarema.com.br\/loja\/wp-json\/wp\/v2\/comments?post=53168"}],"wp:featuredmedia":[{"embeddable":true,"href":"https:\/\/www.livrariarema.com.br\/loja\/wp-json\/wp\/v2\/media\/347136"}],"wp:attachment":[{"href":"https:\/\/www.livrariarema.com.br\/loja\/wp-json\/wp\/v2\/media?parent=53168"}],"wp:term":[{"taxonomy":"product_cat","embeddable":true,"href":"https:\/\/www.livrariarema.com.br\/loja\/wp-json\/wp\/v2\/product_cat?post=53168"},{"taxonomy":"product_tag","embeddable":true,"href":"https:\/\/www.livrariarema.com.br\/loja\/wp-json\/wp\/v2\/product_tag?post=53168"}],"curies":[{"name":"wp","href":"https:\/\/api.w.org\/{rel}","templated":true}]}}