{"id":53172,"date":"2021-01-21T17:27:27","date_gmt":"2021-01-21T20:27:27","guid":{"rendered":"https:\/\/www.livrariarema.com.br\/loja\/produtos\/sem%20categoria\/enigma-da-biblia-de-gutenberg-mauricio-zagari\/"},"modified":"2026-02-28T11:32:06","modified_gmt":"2026-02-28T14:32:06","slug":"enigma-da-biblia-de-gutenberg-mauricio-zagari","status":"publish","type":"product","link":"https:\/\/www.livrariarema.com.br\/loja\/produtos\/livros\/juvenil\/enigma-da-biblia-de-gutenberg-mauricio-zagari\/","title":{"rendered":"Enigma Da B\u00edblia De Gutenberg &#8211; Maur\u00edcio Z\u00e1gari"},"content":{"rendered":"<p>Um furto misterioso. Uma acusa\u00e7\u00e3o injusta. E uma surpreendente jornada em busca da verdade.<\/p>\n<p>O enigma da B\u00edblia de Gutenberg relata as aventuras de Daniel, um jovem crist\u00e3o determinado a encontrar respostas para um crime cometido dentro de sua pr\u00f3pria igreja. Para isso, ele ter\u00e1 de enfrentar altos riscos, ao mesmo tempo que aprender\u00e1 li\u00e7\u00f5es valiosas sobre si mesmo e sua f\u00e9. <\/p>\n<p>Autor de bem-sucedidas obras sobre a vida crist\u00e3, Maur\u00edcio Z\u00e1gari agora nos apresenta seu talento como ficcionista nesta eletrizante narrativa, destinada a leitores de todas as idades que apreciam uma hist\u00f3ria envolvente e inesquec\u00edvel.<\/p>\n<p>Preparado? <\/p>\n","protected":false},"excerpt":{"rendered":"<p>Um furto misterioso. Uma acusa\u00e7\u00e3o injusta. E uma surpreendente jornada em busca da verdade. O enigma da B\u00edblia de Gutenberg&hellip;<\/p>\n","protected":false},"featured_media":344575,"comment_status":"open","ping_status":"closed","template":"","meta":[],"product_cat":[184,134],"product_tag":[],"_links":{"self":[{"href":"https:\/\/www.livrariarema.com.br\/loja\/wp-json\/wp\/v2\/product\/53172"}],"collection":[{"href":"https:\/\/www.livrariarema.com.br\/loja\/wp-json\/wp\/v2\/product"}],"about":[{"href":"https:\/\/www.livrariarema.com.br\/loja\/wp-json\/wp\/v2\/types\/product"}],"replies":[{"embeddable":true,"href":"https:\/\/www.livrariarema.com.br\/loja\/wp-json\/wp\/v2\/comments?post=53172"}],"wp:featuredmedia":[{"embeddable":true,"href":"https:\/\/www.livrariarema.com.br\/loja\/wp-json\/wp\/v2\/media\/344575"}],"wp:attachment":[{"href":"https:\/\/www.livrariarema.com.br\/loja\/wp-json\/wp\/v2\/media?parent=53172"}],"wp:term":[{"taxonomy":"product_cat","embeddable":true,"href":"https:\/\/www.livrariarema.com.br\/loja\/wp-json\/wp\/v2\/product_cat?post=53172"},{"taxonomy":"product_tag","embeddable":true,"href":"https:\/\/www.livrariarema.com.br\/loja\/wp-json\/wp\/v2\/product_tag?post=53172"}],"curies":[{"name":"wp","href":"https:\/\/api.w.org\/{rel}","templated":true}]}}