{"id":53181,"date":"2021-01-21T17:27:48","date_gmt":"2021-01-21T20:27:48","guid":{"rendered":"https:\/\/www.livrariarema.com.br\/loja\/produtos\/sem%20categoria\/vivendo-como-um-cristao-os-ensinamentos-de-1-pedro-a-w-tozer\/"},"modified":"2025-10-17T16:00:58","modified_gmt":"2025-10-17T19:00:58","slug":"vivendo-como-um-cristao-os-ensinamentos-de-1-pedro-a-w-tozer","status":"publish","type":"product","link":"https:\/\/www.livrariarema.com.br\/loja\/produtos\/livros\/vida-crista\/vivendo-como-um-cristao-os-ensinamentos-de-1-pedro-a-w-tozer\/","title":{"rendered":"Vivendo Como Um Crist\u00e3o &#8211; Os Ensinamentos De 1 Pedro &#8211; A. W. Tozer"},"content":{"rendered":"<p>O que caracteriza um crist\u00e3o? <br \/>\nInfelizmente, esse conceito tem sido mal compreendido ao longo da hist\u00f3ria da Igreja. Alguns chegam a pensar que os seguidores de Cristo s\u00e3o apenas pessoas tentando fazer o melhor para endireitar a pr\u00f3pria vida. H\u00e1 tamb\u00e9m quem crie um padr\u00e3o a ser seguido, mas a verdade \u00e9 que um verdadeiro crist\u00e3o n\u00e3o se enquadra em nenhum estere\u00f3tipo.<\/p>\n<p>Na B\u00edblia Sagrada, encontramos respostas para os mais diversos questionamentos, inclusive esse. Em sua primeira ep\u00edstola, o ap\u00f3stolo Pedro escreveu uma carta a um grupo de crist\u00e3os para ajud\u00e1-los a entender n\u00e3o apenas o que aconteceu quando eles se converteram, mas tamb\u00e9m como tinham de viver e em que deveriam acreditar sendo nascidos de novo.<\/p>\n<p>Ao contr\u00e1rio do que muitos pensam, tais ensinamentos n\u00e3o se referem ao passado. Em Vivendo como um crist\u00e3o, A. W. Tozer dirige-se ao crist\u00e3o, cujo amor e afeto por Jesus s\u00e3o a paix\u00e3o que consome toda a sua vida, dia ap\u00f3s dia. Ele n\u00e3o escreve sobre o crist\u00e3o carnal, o qual n\u00e3o se rendeu ao governo do Senhor Jesus, e sim a respeito daquele que j\u00e1 experimentou uma convers\u00e3o genu\u00edna.<\/p>\n<p>Nessas p\u00e1ginas, Tozer descreve as falsas doutrinas, ensinando ao crist\u00e3o como super\u00e1-las e como se defender do ataque ostensivo do arqui-inimigo do cristianismo: o diabo. Ele ensina, inclusive, qual deve ser a atitude crist\u00e3 diante da persegui\u00e7\u00e3o e do sofrimento pela causa de Cristo. O crist\u00e3o extraordin\u00e1rio est\u00e1 no mundo, mas n\u00e3o pertence a este lugar. Portanto, a maneira como ele vive diante dos n\u00e3o salvos \u00e9 crucial.<\/p>\n<p>Esse livro ajudar\u00e1 voc\u00ea a abra\u00e7ar a sua posi\u00e7\u00e3o em Cristo e lhe mostrar\u00e1 como viver no centro do amor redentor de Deus, capacitado a suportar tudo o que tente minar a sua f\u00e9.<\/p>\n","protected":false},"excerpt":{"rendered":"<p>O que caracteriza um crist\u00e3o? Infelizmente, esse conceito tem sido mal compreendido ao longo da hist\u00f3ria da Igreja. Alguns chegam&hellip;<\/p>\n","protected":false},"featured_media":322973,"comment_status":"open","ping_status":"closed","template":"","meta":[],"product_cat":[134,137],"product_tag":[],"_links":{"self":[{"href":"https:\/\/www.livrariarema.com.br\/loja\/wp-json\/wp\/v2\/product\/53181"}],"collection":[{"href":"https:\/\/www.livrariarema.com.br\/loja\/wp-json\/wp\/v2\/product"}],"about":[{"href":"https:\/\/www.livrariarema.com.br\/loja\/wp-json\/wp\/v2\/types\/product"}],"replies":[{"embeddable":true,"href":"https:\/\/www.livrariarema.com.br\/loja\/wp-json\/wp\/v2\/comments?post=53181"}],"wp:featuredmedia":[{"embeddable":true,"href":"https:\/\/www.livrariarema.com.br\/loja\/wp-json\/wp\/v2\/media\/322973"}],"wp:attachment":[{"href":"https:\/\/www.livrariarema.com.br\/loja\/wp-json\/wp\/v2\/media?parent=53181"}],"wp:term":[{"taxonomy":"product_cat","embeddable":true,"href":"https:\/\/www.livrariarema.com.br\/loja\/wp-json\/wp\/v2\/product_cat?post=53181"},{"taxonomy":"product_tag","embeddable":true,"href":"https:\/\/www.livrariarema.com.br\/loja\/wp-json\/wp\/v2\/product_tag?post=53181"}],"curies":[{"name":"wp","href":"https:\/\/api.w.org\/{rel}","templated":true}]}}