{"id":53183,"date":"2021-01-21T17:27:53","date_gmt":"2021-01-21T20:27:53","guid":{"rendered":"https:\/\/www.livrariarema.com.br\/loja\/produtos\/sem%20categoria\/deixados-para-tras-vol-04-colheita-de-almas-tim-lahaye-e-jerry-b-jenkins\/"},"modified":"2024-03-28T13:02:02","modified_gmt":"2024-03-28T16:02:02","slug":"deixados-para-tras-vol-04-colheita-de-almas-tim-lahaye-e-jerry-b-jenkins","status":"publish","type":"product","link":"https:\/\/www.livrariarema.com.br\/loja\/produtos\/livros\/ficcao\/deixados-para-tras-vol-04-colheita-de-almas-tim-lahaye-e-jerry-b-jenkins\/","title":{"rendered":"Deixados Para Tr\u00e1s &#8211; Vol. 04 &#8211; Colheita De Almas &#8211; Tim Lahaye E Jerry B. Jenkins"},"content":{"rendered":"<p>&#8220;A colheita come\u00e7ou. De que lado voc\u00ea est\u00e1?<\/p>\n<p>Anos ap\u00f3s o grande arrebatamento que deixou milhares de pessoas para tr\u00e1s, as profecias b\u00edblicas citadas em Apocalipse continuam a se cumprir. A Terceira Guerra Mundial eclodiu, um terremoto catastr\u00f3fico do qual somente Israel foi protegido, dizimou um quarto da popula\u00e7\u00e3o e o mundo est\u00e1 um verdadeiro caos. O Comando Tribula\u00e7\u00e3o, criado para resistir ao per\u00edodo de tribula\u00e7\u00e3o previsto na B\u00edblia, perdeu alguns de seus membros, e Rayford Steele e Buck Williams, em lugares distintos do mundo, sem saber que o outro est\u00e1 vivo, empreendem uma busca desesperada na tentativa de encontrar suas esposas e entes queridos que n\u00e3o s\u00e3o vistos desde antes do terremoto. Buck procura uma Chloe gr\u00e1vida e Rayford mergulha no fundo do mar para encontrar o corpo de Amanda White.<br \/>\nO mundo pede socorro, e Nicolae Carpathia inicia uma campanha mundial de reconstru\u00e7\u00e3o para reerguer seu imp\u00e9rio. No entanto, um grande esfor\u00e7o evangel\u00edstico alimenta sua raiva, pois, cada vez mais, \u00e0 medida que as profecias se cumprem, o n\u00famero de c\u00e9ticos diminui, e at\u00e9 mesmo os inimigos de Deus j\u00e1 sabem contra quem est\u00e3o lutando. O mundo caminha a passos largos rumo \u00e0 grande colheita de almas profetizada na B\u00edblia, e as pessoas precisam decidir de que lado ir\u00e3o ficar.<br \/>\nDeixados para tr\u00e1s: Colheita de almas \u00e9 o quarto volume da s\u00e9rie de fic\u00e7\u00e3o crist\u00e3 mais vendida dos \u00faltimos tempos e que levou milh\u00f5es de pessoas a pensarem seriamente sobre o futuro. Nesta edi\u00e7\u00e3o especial, voc\u00ea encontrar\u00e1 um conte\u00fado extra com coment\u00e1rios dos autores best-seller Tim LaHaye e Jerry B. Jenkins, al\u00e9m de caracter\u00edsticas especiais relacionadas a eventos atuais e profecias do fim dos tempos.&#8221;<\/p>\n","protected":false},"excerpt":{"rendered":"<p>&#8220;A colheita come\u00e7ou. De que lado voc\u00ea est\u00e1? Anos ap\u00f3s o grande arrebatamento que deixou milhares de pessoas para tr\u00e1s,&hellip;<\/p>\n","protected":false},"featured_media":289618,"comment_status":"open","ping_status":"closed","template":"","meta":[],"product_cat":[162,134],"product_tag":[],"_links":{"self":[{"href":"https:\/\/www.livrariarema.com.br\/loja\/wp-json\/wp\/v2\/product\/53183"}],"collection":[{"href":"https:\/\/www.livrariarema.com.br\/loja\/wp-json\/wp\/v2\/product"}],"about":[{"href":"https:\/\/www.livrariarema.com.br\/loja\/wp-json\/wp\/v2\/types\/product"}],"replies":[{"embeddable":true,"href":"https:\/\/www.livrariarema.com.br\/loja\/wp-json\/wp\/v2\/comments?post=53183"}],"wp:featuredmedia":[{"embeddable":true,"href":"https:\/\/www.livrariarema.com.br\/loja\/wp-json\/wp\/v2\/media\/289618"}],"wp:attachment":[{"href":"https:\/\/www.livrariarema.com.br\/loja\/wp-json\/wp\/v2\/media?parent=53183"}],"wp:term":[{"taxonomy":"product_cat","embeddable":true,"href":"https:\/\/www.livrariarema.com.br\/loja\/wp-json\/wp\/v2\/product_cat?post=53183"},{"taxonomy":"product_tag","embeddable":true,"href":"https:\/\/www.livrariarema.com.br\/loja\/wp-json\/wp\/v2\/product_tag?post=53183"}],"curies":[{"name":"wp","href":"https:\/\/api.w.org\/{rel}","templated":true}]}}