{"id":53231,"date":"2021-01-21T17:29:25","date_gmt":"2021-01-21T20:29:25","guid":{"rendered":"https:\/\/www.livrariarema.com.br\/loja\/produtos\/sem%20categoria\/feminilidade-radical-carolyn-mcculley\/"},"modified":"2026-03-16T13:36:08","modified_gmt":"2026-03-16T16:36:08","slug":"feminilidade-radical-carolyn-mcculley","status":"publish","type":"product","link":"https:\/\/www.livrariarema.com.br\/loja\/produtos\/livros\/mulher\/feminilidade-radical-carolyn-mcculley\/","title":{"rendered":"Feminilidade Radical &#8211; Carolyn Mcculley"},"content":{"rendered":"<p>&#8220;Por que ningu\u00e9m nos contou isso antes?&#8221; Essa foi a pergunta da audi\u00eancia formada por mulheres crist\u00e3s em idade universit\u00e1ria feita \u00e0 Carolyn McCulley. Por isso ela escreveu este livro marcante sobre feminilidade. Carolyn era grandemente influenciada pelas expectativas da cultura moderna sobre a mulher.<Br><br \/>\n<Br><br \/>\nNeste livro, ent\u00e3o, ela explica sua transi\u00e7\u00e3o de uma feminista secular de 30 anos de idade para uma jovem crist\u00e3 buscando entender a B\u00edblia. Dessa forma, no processo, ela aborda ensinamentos sobre feminilidade, sexualidade, matrim\u00f4nio, fam\u00edlia e filhos.<Br><br \/>\n<Br><br \/>\nComo podemos, ent\u00e3o, entender o delicado equil\u00edbrio entre a influ\u00eancia cultural, a perspectiva hist\u00f3rica e a autoridade b\u00edblica? E quanto ao nosso papel como mulheres no lar, no trabalho, na igreja e na cultura? De que forma as tr\u00eas ondas do feminismo impediram a vis\u00e3o de Deus para as mulheres? E, afinal, como podemos entender para onde ir a partir daqui?<Br><br \/>\n<Br><br \/>\nCarolyn reconhece que hoje uma gera\u00e7\u00e3o mais jovem de mulheres crist\u00e3s anseia por ouvir os grandes ensinamentos da B\u00edblia sobre o igual valor entre homens e mulheres, e sobre a beleza de nossas diferen\u00e7as tais quais planejadas e criadas por Deus.<br \/>\n<Br><Br><br \/>\n4 \u00f3timos ingredientes reunidos por Carolyn neste livro ao falar sobre feminilidade:<br \/>\n1 &#8211; Um profundo e s\u00e1bio conhecimento dos ensinamentos da B\u00edblia sobre homens e mulheres;<Br><br \/>\n<Br><br \/>\n2 &#8211; Narrativas hist\u00f3ricas fascinantes sobre a vida de l\u00edderes feministas dos \u00faltimos dois s\u00e9culos;<Br><br \/>\n<Br><br \/>\n3 &#8211; Hist\u00f3rias maravilhosamente encorajadoras de pessoas que fizeram a transi\u00e7\u00e3o do feminismo radical, ou da prostitui\u00e7\u00e3o, ou de hist\u00f3ricos de abuso, ou da infidelidade matrimonial, para servir a Jesus Cristo com profundo comprometimento e alegria;<br \/>\n<Br><Br><br \/>\n4 &#8211; Um grande estilo de escrita que prende a aten\u00e7\u00e3o de quem l\u00ea desde a primeira p\u00e1gina at\u00e9 a \u00faltima.<Br><br \/>\n<Br><br \/>\nPor fim, em meio \u00e0 confus\u00e3o radical de nossa cultura acerca da feminilidade, Carolyn ensina a verdade radical do plano s\u00e1bio e gracioso de Deus para as mulheres. Um livro urgente para nossos dias!<Br><\/p>\n","protected":false},"excerpt":{"rendered":"<p>&#8220;Por que ningu\u00e9m nos contou isso antes?&#8221; Essa foi a pergunta da audi\u00eancia formada por mulheres crist\u00e3s em idade universit\u00e1ria&hellip;<\/p>\n","protected":false},"featured_media":346342,"comment_status":"open","ping_status":"closed","template":"","meta":[],"product_cat":[134,170],"product_tag":[],"_links":{"self":[{"href":"https:\/\/www.livrariarema.com.br\/loja\/wp-json\/wp\/v2\/product\/53231"}],"collection":[{"href":"https:\/\/www.livrariarema.com.br\/loja\/wp-json\/wp\/v2\/product"}],"about":[{"href":"https:\/\/www.livrariarema.com.br\/loja\/wp-json\/wp\/v2\/types\/product"}],"replies":[{"embeddable":true,"href":"https:\/\/www.livrariarema.com.br\/loja\/wp-json\/wp\/v2\/comments?post=53231"}],"wp:featuredmedia":[{"embeddable":true,"href":"https:\/\/www.livrariarema.com.br\/loja\/wp-json\/wp\/v2\/media\/346342"}],"wp:attachment":[{"href":"https:\/\/www.livrariarema.com.br\/loja\/wp-json\/wp\/v2\/media?parent=53231"}],"wp:term":[{"taxonomy":"product_cat","embeddable":true,"href":"https:\/\/www.livrariarema.com.br\/loja\/wp-json\/wp\/v2\/product_cat?post=53231"},{"taxonomy":"product_tag","embeddable":true,"href":"https:\/\/www.livrariarema.com.br\/loja\/wp-json\/wp\/v2\/product_tag?post=53231"}],"curies":[{"name":"wp","href":"https:\/\/api.w.org\/{rel}","templated":true}]}}